{"id":781,"date":"2023-11-22T15:31:23","date_gmt":"2023-11-22T14:31:23","guid":{"rendered":"https:\/\/parapentemax.com\/?page_id=781"},"modified":"2023-11-23T15:50:08","modified_gmt":"2023-11-23T14:50:08","slug":"montagne","status":"publish","type":"page","link":"https:\/\/parapentemax.com\/index.php\/montagne\/","title":{"rendered":"Montagne"},"content":{"rendered":"\t\t<div data-elementor-type=\"wp-page\" data-elementor-id=\"781\" class=\"elementor elementor-781\" data-elementor-post-type=\"page\">\n\t\t\t\t\t\t\t<div class=\"elementor-element elementor-element-82d0b1a e-flex e-con-boxed e-con e-parent\" data-id=\"82d0b1a\" data-element_type=\"container\" data-settings=\"{&quot;content_width&quot;:&quot;boxed&quot;}\" data-core-v316-plus=\"true\">\n\t\t\t\t\t<div class=\"e-con-inner\">\n\t\t\t\t\t<\/div>\n\t\t\t\t<\/div>\n\t\t<div class=\"elementor-element elementor-element-b89dcf7 e-flex e-con-boxed e-con e-parent\" data-id=\"b89dcf7\" data-element_type=\"container\" data-settings=\"{&quot;content_width&quot;:&quot;boxed&quot;}\" data-core-v316-plus=\"true\">\n\t\t\t\t\t<div class=\"e-con-inner\">\n\t\t<div class=\"elementor-element elementor-element-a1cbd2d e-con-full e-flex e-con e-child\" data-id=\"a1cbd2d\" data-element_type=\"container\" data-settings=\"{&quot;content_width&quot;:&quot;full&quot;}\">\n\t\t\t\t<\/div>\n\t\t<div class=\"elementor-element elementor-element-53626f0 e-con-full e-flex e-con e-child\" data-id=\"53626f0\" data-element_type=\"container\" data-settings=\"{&quot;content_width&quot;:&quot;full&quot;}\">\n\t\t<div class=\"elementor-element elementor-element-8eca3e3 e-con-full e-flex e-con e-child\" data-id=\"8eca3e3\" data-element_type=\"container\" data-settings=\"{&quot;content_width&quot;:&quot;full&quot;}\">\n\t\t\t\t<div class=\"elementor-element elementor-element-f453db7 elementor-flip-box--effect-flip elementor-flip-box--direction-up elementor-widget elementor-widget-flip-box\" data-id=\"f453db7\" data-element_type=\"widget\" data-widget_type=\"flip-box.default\">\n\t\t\t\t<div class=\"elementor-widget-container\">\n\t\t\t<link rel=\"stylesheet\" href=\"https:\/\/parapentemax.com\/wp-content\/plugins\/elementor-pro\/assets\/css\/widget-flip-box.min.css\">\t\t<div class=\"elementor-flip-box\" tabindex=\"0\">\n\t\t\t<div class=\"elementor-flip-box__layer elementor-flip-box__front\">\n\t\t\t\t<div class=\"elementor-flip-box__layer__overlay\">\n\t\t\t\t\t<div class=\"elementor-flip-box__layer__inner\">\n\t\t\t\t\t\t\t\t\t\t\t\t\t<div class=\"elementor-flip-box__image\">\n\t\t\t\t\t\t\t\t<img fetchpriority=\"high\" width=\"1536\" height=\"1152\" src=\"https:\/\/parapentemax.com\/wp-content\/uploads\/2023\/11\/DSC01818-1536x1152.jpg\" class=\"attachment-1536x1536 size-1536x1536 wp-image-1251\" alt=\"\" decoding=\"async\" srcset=\"https:\/\/parapentemax.com\/wp-content\/uploads\/2023\/11\/DSC01818-1536x1152.jpg 1536w, https:\/\/parapentemax.com\/wp-content\/uploads\/2023\/11\/DSC01818-300x225.jpg 300w, https:\/\/parapentemax.com\/wp-content\/uploads\/2023\/11\/DSC01818-1024x768.jpg 1024w, https:\/\/parapentemax.com\/wp-content\/uploads\/2023\/11\/DSC01818-768x576.jpg 768w, https:\/\/parapentemax.com\/wp-content\/uploads\/2023\/11\/DSC01818-2048x1536.jpg 2048w\" sizes=\"(max-width: 1536px) 100vw, 1536px\" \/>\t\t\t\t\t\t\t<\/div>\n\t\t\t\t\t\t\n\t\t\t\t\t\t\t\t\t\t\t\t\t<h3 class=\"elementor-flip-box__layer__title\">\n\t\t\t\t\t\t\t\tMontagne <br>250 \u20ac\t\t\t\t\t\t\t<\/h3>\n\t\t\t\t\t\t\n\t\t\t\t\t\t\t\t\t\t\t\t\t<div class=\"elementor-flip-box__layer__description\">\n\t\t\t\t\t\t\t\tMarche et vol\t\t\t\t\t\t\t<\/div>\n\t\t\t\t\t\t\t\t\t\t\t<\/div>\n\t\t\t\t<\/div>\n\t\t\t<\/div>\n\t\t\t<div class=\"elementor-flip-box__layer elementor-flip-box__back\">\n\t\t\t<div class=\"elementor-flip-box__layer__overlay\">\n\t\t\t\t<div class=\"elementor-flip-box__layer__inner\">\n\t\t\t\t\t\t\t\t\t\t\t<h3 class=\"elementor-flip-box__layer__title\">\n\t\t\t\t\t\t\tpour les randonneurs, amoureux de la nature\t\t\t\t\t\t<\/h3>\n\t\t\t\t\t\n\t\t\t\t\t\t\t\t\t\t\t<div class=\"elementor-flip-box__layer__description\">\n\t\t\t\t\t\t\tOrganisation d'une randonn\u00e9e vers un sommet mythique\t\t\t\t\t\t<\/div>\n\t\t\t\t\t\n\t\t\t\t\t\t\t\t<\/div>\n\t\t<\/div>\n\t\t<\/div>\n\t\t<\/div>\n\t\t\t\t<\/div>\n\t\t\t\t<\/div>\n\t\t\t\t<\/div>\n\t\t\t\t<\/div>\n\t\t\t\t\t<\/div>\n\t\t\t\t<\/div>\n\t\t<div class=\"elementor-element elementor-element-ad54fd6 e-flex e-con-boxed e-con e-parent\" data-id=\"ad54fd6\" data-element_type=\"container\" data-settings=\"{&quot;content_width&quot;:&quot;boxed&quot;}\" data-core-v316-plus=\"true\">\n\t\t\t\t\t<div class=\"e-con-inner\">\n\t\t<div class=\"elementor-element elementor-element-4bfb63a e-con-full e-flex e-con e-child\" data-id=\"4bfb63a\" data-element_type=\"container\" data-settings=\"{&quot;content_width&quot;:&quot;full&quot;}\">\n\t\t\t\t<div class=\"elementor-element elementor-element-02628f5 elementor-widget elementor-widget-text-editor\" data-id=\"02628f5\" data-element_type=\"widget\" data-widget_type=\"text-editor.default\">\n\t\t\t\t<div class=\"elementor-widget-container\">\n\t\t\t<style>\/*! elementor - v3.18.0 - 20-12-2023 *\/\n.elementor-widget-text-editor.elementor-drop-cap-view-stacked .elementor-drop-cap{background-color:#69727d;color:#fff}.elementor-widget-text-editor.elementor-drop-cap-view-framed .elementor-drop-cap{color:#69727d;border:3px solid;background-color:transparent}.elementor-widget-text-editor:not(.elementor-drop-cap-view-default) .elementor-drop-cap{margin-top:8px}.elementor-widget-text-editor:not(.elementor-drop-cap-view-default) .elementor-drop-cap-letter{width:1em;height:1em}.elementor-widget-text-editor .elementor-drop-cap{float:left;text-align:center;line-height:1;font-size:50px}.elementor-widget-text-editor .elementor-drop-cap-letter{display:inline-block}<\/style>\t\t\t\t<p>Vous r\u00eavez de d\u00e9coller d&rsquo;un sommet mythique du Bu\u00ebch ou du D\u00e9voluy, vous \u00eates bon marcheur et voler en parapente vous fait envie ?<\/p><p>c&rsquo;est la combinaison gagnante !<\/p><p>Votre famille souhaite assister \u00e0 cette exp\u00e9rience, cela est possible gr\u00e2ce \u00e0 un accompagnateur en moyenne montagne qui les guidera pour le retour (renseignez-vous).<\/p><p>pr\u00e9voir la 1\/2 journ\u00e9e<\/p><p>bon marcheur<\/p><p>\u00a0<\/p><p>d\u00e9part \u00e0 pied avec portage d&rsquo;une partie du mat\u00e9riel<\/p><p>choix du jour J en fonction des pr\u00e9visions m\u00e9t\u00e9o<\/p><p>Acc\u00e8s au sommet entre 30 mns \u00e0 4h de marche \u00e0 pied, suivant vos envies.<\/p><p>Spectacle garanti !<\/p>\t\t\t\t\t\t<\/div>\n\t\t\t\t<\/div>\n\t\t<div class=\"elementor-element elementor-element-0063fa3 e-con-full e-flex e-con e-child\" data-id=\"0063fa3\" data-element_type=\"container\" data-settings=\"{&quot;content_width&quot;:&quot;full&quot;}\">\n\t\t\t\t<div class=\"elementor-element elementor-element-2350aed elementor-widget elementor-widget-image\" data-id=\"2350aed\" data-element_type=\"widget\" data-widget_type=\"image.default\">\n\t\t\t\t<div class=\"elementor-widget-container\">\n\t\t\t<style>\/*! elementor - v3.18.0 - 20-12-2023 *\/\n.elementor-widget-image{text-align:center}.elementor-widget-image a{display:inline-block}.elementor-widget-image a img[src$=\".svg\"]{width:48px}.elementor-widget-image img{vertical-align:middle;display:inline-block}<\/style>\t\t\t\t\t\t\t\t\t\t\t\t<img width=\"800\" height=\"600\" src=\"https:\/\/parapentemax.com\/wp-content\/uploads\/2023\/11\/DSC01818-1024x768.jpg\" class=\"attachment-large size-large wp-image-1251\" alt=\"\" decoding=\"async\" srcset=\"https:\/\/parapentemax.com\/wp-content\/uploads\/2023\/11\/DSC01818-1024x768.jpg 1024w, https:\/\/parapentemax.com\/wp-content\/uploads\/2023\/11\/DSC01818-300x225.jpg 300w, https:\/\/parapentemax.com\/wp-content\/uploads\/2023\/11\/DSC01818-768x576.jpg 768w, https:\/\/parapentemax.com\/wp-content\/uploads\/2023\/11\/DSC01818-1536x1152.jpg 1536w, https:\/\/parapentemax.com\/wp-content\/uploads\/2023\/11\/DSC01818-2048x1536.jpg 2048w\" sizes=\"(max-width: 800px) 100vw, 800px\" \/>\t\t\t\t\t\t\t\t\t\t\t\t\t\t\t<\/div>\n\t\t\t\t<\/div>\n\t\t\t\t<\/div>\n\t\t\t\t<\/div>\n\t\t<div class=\"elementor-element elementor-element-a4b03c8 e-con-full e-flex e-con e-child\" data-id=\"a4b03c8\" data-element_type=\"container\" data-settings=\"{&quot;content_width&quot;:&quot;full&quot;}\">\n\t\t<div class=\"elementor-element elementor-element-39db21a e-flex e-con-boxed e-con e-child\" data-id=\"39db21a\" data-element_type=\"container\" data-settings=\"{&quot;content_width&quot;:&quot;boxed&quot;}\">\n\t\t\t\t\t<div class=\"e-con-inner\">\n\t\t\t\t<div class=\"elementor-element elementor-element-b7479fb elementor-widget elementor-widget-image\" data-id=\"b7479fb\" data-element_type=\"widget\" data-widget_type=\"image.default\">\n\t\t\t\t<div class=\"elementor-widget-container\">\n\t\t\t\t\t\t\t\t\t\t\t\t\t\t\t<img width=\"800\" height=\"600\" src=\"https:\/\/parapentemax.com\/wp-content\/uploads\/2023\/11\/DSC01613-1024x768.jpg\" class=\"attachment-large size-large wp-image-1250\" alt=\"\" decoding=\"async\" srcset=\"https:\/\/parapentemax.com\/wp-content\/uploads\/2023\/11\/DSC01613-1024x768.jpg 1024w, https:\/\/parapentemax.com\/wp-content\/uploads\/2023\/11\/DSC01613-300x225.jpg 300w, https:\/\/parapentemax.com\/wp-content\/uploads\/2023\/11\/DSC01613-768x576.jpg 768w, https:\/\/parapentemax.com\/wp-content\/uploads\/2023\/11\/DSC01613-1536x1152.jpg 1536w, https:\/\/parapentemax.com\/wp-content\/uploads\/2023\/11\/DSC01613-2048x1536.jpg 2048w\" sizes=\"(max-width: 800px) 100vw, 800px\" \/>\t\t\t\t\t\t\t\t\t\t\t\t\t\t\t<\/div>\n\t\t\t\t<\/div>\n\t\t\t\t\t<\/div>\n\t\t\t\t<\/div>\n\t\t<div class=\"elementor-element elementor-element-12cc0b1 e-flex e-con-boxed e-con e-child\" data-id=\"12cc0b1\" data-element_type=\"container\" data-settings=\"{&quot;content_width&quot;:&quot;boxed&quot;}\">\n\t\t\t\t\t<div class=\"e-con-inner\">\n\t\t\t\t<div class=\"elementor-element elementor-element-9de73ae elementor-widget elementor-widget-image\" data-id=\"9de73ae\" data-element_type=\"widget\" data-widget_type=\"image.default\">\n\t\t\t\t<div class=\"elementor-widget-container\">\n\t\t\t\t\t\t\t\t\t\t\t\t\t\t\t<img loading=\"lazy\" width=\"800\" height=\"600\" src=\"https:\/\/parapentemax.com\/wp-content\/uploads\/2023\/11\/DSC09048-1024x768.jpg\" class=\"attachment-large size-large wp-image-1249\" alt=\"\" decoding=\"async\" srcset=\"https:\/\/parapentemax.com\/wp-content\/uploads\/2023\/11\/DSC09048-1024x768.jpg 1024w, https:\/\/parapentemax.com\/wp-content\/uploads\/2023\/11\/DSC09048-300x225.jpg 300w, https:\/\/parapentemax.com\/wp-content\/uploads\/2023\/11\/DSC09048-768x576.jpg 768w, https:\/\/parapentemax.com\/wp-content\/uploads\/2023\/11\/DSC09048-1536x1152.jpg 1536w, https:\/\/parapentemax.com\/wp-content\/uploads\/2023\/11\/DSC09048-2048x1536.jpg 2048w\" sizes=\"(max-width: 800px) 100vw, 800px\" \/>\t\t\t\t\t\t\t\t\t\t\t\t\t\t\t<\/div>\n\t\t\t\t<\/div>\n\t\t\t\t\t<\/div>\n\t\t\t\t<\/div>\n\t\t\t\t<\/div>\n\t\t\t\t\t<\/div>\n\t\t\t\t<\/div>\n\t\t\t\t\t\t\t<\/div>\n\t\t","protected":false},"excerpt":{"rendered":"<p>Montagne 250 \u20ac Marche et vol pour les randonneurs, amoureux de la nature Organisation d&rsquo;une randonn\u00e9e vers un sommet mythique Vous r\u00eavez de d\u00e9coller d&rsquo;un sommet mythique du Bu\u00ebch ou du D\u00e9voluy, vous \u00eates bon marcheur et voler en parapente vous fait envie ? c&rsquo;est la combinaison gagnante ! Votre famille souhaite assister \u00e0 cette [&hellip;]<\/p>\n","protected":false},"author":2,"featured_media":0,"parent":0,"menu_order":0,"comment_status":"closed","ping_status":"closed","template":"","meta":{"footnotes":""},"_links":{"self":[{"href":"https:\/\/parapentemax.com\/index.php\/wp-json\/wp\/v2\/pages\/781"}],"collection":[{"href":"https:\/\/parapentemax.com\/index.php\/wp-json\/wp\/v2\/pages"}],"about":[{"href":"https:\/\/parapentemax.com\/index.php\/wp-json\/wp\/v2\/types\/page"}],"author":[{"embeddable":true,"href":"https:\/\/parapentemax.com\/index.php\/wp-json\/wp\/v2\/users\/2"}],"replies":[{"embeddable":true,"href":"https:\/\/parapentemax.com\/index.php\/wp-json\/wp\/v2\/comments?post=781"}],"version-history":[{"count":28,"href":"https:\/\/parapentemax.com\/index.php\/wp-json\/wp\/v2\/pages\/781\/revisions"}],"predecessor-version":[{"id":1258,"href":"https:\/\/parapentemax.com\/index.php\/wp-json\/wp\/v2\/pages\/781\/revisions\/1258"}],"wp:attachment":[{"href":"https:\/\/parapentemax.com\/index.php\/wp-json\/wp\/v2\/media?parent=781"}],"curies":[{"name":"wp","href":"https:\/\/api.w.org\/{rel}","templated":true}]}}