{"id":775,"date":"2023-11-22T15:30:10","date_gmt":"2023-11-22T14:30:10","guid":{"rendered":"https:\/\/parapentemax.com\/?page_id=775"},"modified":"2025-01-16T10:04:40","modified_gmt":"2025-01-16T09:04:40","slug":"distance-cross","status":"publish","type":"page","link":"https:\/\/parapentemax.com\/index.php\/distance-cross\/","title":{"rendered":"Distance (Cross)"},"content":{"rendered":"\t\t<div data-elementor-type=\"wp-page\" data-elementor-id=\"775\" class=\"elementor elementor-775\" data-elementor-post-type=\"page\">\n\t\t\t\t\t\t\t<div class=\"elementor-element elementor-element-0753936 e-flex e-con-boxed e-con e-parent\" data-id=\"0753936\" data-element_type=\"container\" data-settings=\"{&quot;content_width&quot;:&quot;boxed&quot;}\" data-core-v316-plus=\"true\">\n\t\t\t\t\t<div class=\"e-con-inner\">\n\t\t\t\t\t<\/div>\n\t\t\t\t<\/div>\n\t\t<div class=\"elementor-element elementor-element-eb7f218 e-flex e-con-boxed e-con e-parent\" data-id=\"eb7f218\" data-element_type=\"container\" data-settings=\"{&quot;content_width&quot;:&quot;boxed&quot;}\" data-core-v316-plus=\"true\">\n\t\t\t\t\t<div class=\"e-con-inner\">\n\t\t<div class=\"elementor-element elementor-element-fa90902 e-con-full e-flex e-con e-child\" data-id=\"fa90902\" data-element_type=\"container\" data-settings=\"{&quot;content_width&quot;:&quot;full&quot;}\">\n\t\t\t\t<\/div>\n\t\t<div class=\"elementor-element elementor-element-2e5bace e-con-full e-flex e-con e-child\" data-id=\"2e5bace\" data-element_type=\"container\" data-settings=\"{&quot;content_width&quot;:&quot;full&quot;}\">\n\t\t<div class=\"elementor-element elementor-element-869c701 e-con-full e-flex e-con e-child\" data-id=\"869c701\" data-element_type=\"container\" data-settings=\"{&quot;content_width&quot;:&quot;full&quot;}\">\n\t\t\t\t<div class=\"elementor-element elementor-element-c75fafc elementor-flip-box--effect-flip elementor-flip-box--direction-up elementor-widget elementor-widget-flip-box\" data-id=\"c75fafc\" data-element_type=\"widget\" data-widget_type=\"flip-box.default\">\n\t\t\t\t<div class=\"elementor-widget-container\">\n\t\t\t<link rel=\"stylesheet\" href=\"https:\/\/parapentemax.com\/wp-content\/plugins\/elementor-pro\/assets\/css\/widget-flip-box.min.css\">\t\t<div class=\"elementor-flip-box\" tabindex=\"0\">\n\t\t\t<div class=\"elementor-flip-box__layer elementor-flip-box__front\">\n\t\t\t\t<div class=\"elementor-flip-box__layer__overlay\">\n\t\t\t\t\t<div class=\"elementor-flip-box__layer__inner\">\n\t\t\t\t\t\t\t\t\t\t\t\t\t<div class=\"elementor-flip-box__image\">\n\t\t\t\t\t\t\t\t<img fetchpriority=\"high\" width=\"300\" height=\"225\" src=\"https:\/\/parapentemax.com\/wp-content\/uploads\/2025\/01\/IMG-20220710-WA0009-300x225.jpg\" class=\"attachment-medium size-medium wp-image-1626\" alt=\"\" decoding=\"async\" srcset=\"https:\/\/parapentemax.com\/wp-content\/uploads\/2025\/01\/IMG-20220710-WA0009-300x225.jpg 300w, https:\/\/parapentemax.com\/wp-content\/uploads\/2025\/01\/IMG-20220710-WA0009-1024x768.jpg 1024w, https:\/\/parapentemax.com\/wp-content\/uploads\/2025\/01\/IMG-20220710-WA0009-768x576.jpg 768w, https:\/\/parapentemax.com\/wp-content\/uploads\/2025\/01\/IMG-20220710-WA0009-1536x1152.jpg 1536w, https:\/\/parapentemax.com\/wp-content\/uploads\/2025\/01\/IMG-20220710-WA0009.jpg 1600w\" sizes=\"(max-width: 300px) 100vw, 300px\" \/>\t\t\t\t\t\t\t<\/div>\n\t\t\t\t\t\t\n\t\t\t\t\t\t\t\t\t\t\t\t\t<h3 class=\"elementor-flip-box__layer__title\">\n\t\t\t\t\t\t\t\tDistance <br>250 \u20ac\t\t\t\t\t\t\t<\/h3>\n\t\t\t\t\t\t\n\t\t\t\t\t\t\t\t\t\t\t\t\t<div class=\"elementor-flip-box__layer__description\">\n\t\t\t\t\t\t\t\tvol de 1h30 \u00e0 4h\t\t\t\t\t\t\t<\/div>\n\t\t\t\t\t\t\t\t\t\t\t<\/div>\n\t\t\t\t<\/div>\n\t\t\t<\/div>\n\t\t\t<div class=\"elementor-flip-box__layer elementor-flip-box__back\">\n\t\t\t<div class=\"elementor-flip-box__layer__overlay\">\n\t\t\t\t<div class=\"elementor-flip-box__layer__inner\">\n\t\t\t\t\t\t\t\t\t\t\t<h3 class=\"elementor-flip-box__layer__title\">\n\t\t\t\t\t\t\tle MUST, une vraie balade a\u00e9rienne\t\t\t\t\t\t<\/h3>\n\t\t\t\t\t\n\t\t\t\t\t\t\t\t\t\t\t<div class=\"elementor-flip-box__layer__description\">\n\t\t\t\t\t\t\tVisitez la r\u00e9gion sans bruit, gr\u00e2ce aux forces naturelles du vent et du soleil\t\t\t\t\t\t<\/div>\n\t\t\t\t\t\n\t\t\t\t\t\t\t\t<\/div>\n\t\t<\/div>\n\t\t<\/div>\n\t\t<\/div>\n\t\t\t\t<\/div>\n\t\t\t\t<\/div>\n\t\t\t\t<\/div>\n\t\t\t\t<\/div>\n\t\t\t\t\t<\/div>\n\t\t\t\t<\/div>\n\t\t<div class=\"elementor-element elementor-element-c8f4c92 e-flex e-con-boxed e-con e-parent\" data-id=\"c8f4c92\" data-element_type=\"container\" data-settings=\"{&quot;content_width&quot;:&quot;boxed&quot;}\" data-core-v316-plus=\"true\">\n\t\t\t\t\t<div class=\"e-con-inner\">\n\t\t<div class=\"elementor-element elementor-element-efc50e3 e-con-full e-flex e-con e-child\" data-id=\"efc50e3\" data-element_type=\"container\" data-settings=\"{&quot;content_width&quot;:&quot;full&quot;}\">\n\t\t\t\t<div class=\"elementor-element elementor-element-c3571d2 elementor-widget elementor-widget-text-editor\" data-id=\"c3571d2\" data-element_type=\"widget\" data-widget_type=\"text-editor.default\">\n\t\t\t\t<div class=\"elementor-widget-container\">\n\t\t\t<style>\/*! elementor - v3.18.0 - 20-12-2023 *\/\n.elementor-widget-text-editor.elementor-drop-cap-view-stacked .elementor-drop-cap{background-color:#69727d;color:#fff}.elementor-widget-text-editor.elementor-drop-cap-view-framed .elementor-drop-cap{color:#69727d;border:3px solid;background-color:transparent}.elementor-widget-text-editor:not(.elementor-drop-cap-view-default) .elementor-drop-cap{margin-top:8px}.elementor-widget-text-editor:not(.elementor-drop-cap-view-default) .elementor-drop-cap-letter{width:1em;height:1em}.elementor-widget-text-editor .elementor-drop-cap{float:left;text-align:center;line-height:1;font-size:50px}.elementor-widget-text-editor .elementor-drop-cap-letter{display:inline-block}<\/style>\t\t\t\t<p><strong>Pr\u00e9voir un cr\u00e9neau d\u2019un apr\u00e8s-midi<\/strong><\/p><p>Le jour J, on choisit le site de d\u00e9collage en fonction des conditions m\u00e9t\u00e9orologiques et on se donne un objectif de balade.<\/p><p>Vol pouvant durer de 1h30 \u00e0 4h.<\/p><p>\u00a0Equipements \u00e0 pr\u00e9voir\u00a0:<\/p><ul><li>Des chaussures ferm\u00e9es qui tiennent aux pieds<\/li><li>Une veste et un pull<\/li><li>Un pantalon<\/li><li>Des v\u00eatements adapt\u00e9s en fonction de la m\u00e9t\u00e9o<\/li><\/ul><p>(pour l\u2019hiver, tenue de ski\u00a0 conseill\u00e9e).<\/p><p>15 \u00e0 50 kms parcourus, en passant par des sommets mythiques comme Bure, par exemple.<\/p>\t\t\t\t\t\t<\/div>\n\t\t\t\t<\/div>\n\t\t\t\t<\/div>\n\t\t<div class=\"elementor-element elementor-element-a0533f0 e-con-full e-flex e-con e-child\" data-id=\"a0533f0\" data-element_type=\"container\" data-settings=\"{&quot;content_width&quot;:&quot;full&quot;}\">\n\t\t<div class=\"elementor-element elementor-element-484a24b e-flex e-con-boxed e-con e-child\" data-id=\"484a24b\" data-element_type=\"container\" data-settings=\"{&quot;content_width&quot;:&quot;boxed&quot;}\">\n\t\t\t\t\t<div class=\"e-con-inner\">\n\t\t\t\t<div class=\"elementor-element elementor-element-24416ca elementor-widget elementor-widget-image\" data-id=\"24416ca\" data-element_type=\"widget\" data-widget_type=\"image.default\">\n\t\t\t\t<div class=\"elementor-widget-container\">\n\t\t\t<style>\/*! elementor - v3.18.0 - 20-12-2023 *\/\n.elementor-widget-image{text-align:center}.elementor-widget-image a{display:inline-block}.elementor-widget-image a img[src$=\".svg\"]{width:48px}.elementor-widget-image img{vertical-align:middle;display:inline-block}<\/style>\t\t\t\t\t\t\t\t\t\t\t\t<img width=\"800\" height=\"600\" src=\"https:\/\/parapentemax.com\/wp-content\/uploads\/2025\/01\/IMG-20220710-WA0009-1024x768.jpg\" class=\"attachment-large size-large wp-image-1626\" alt=\"\" decoding=\"async\" srcset=\"https:\/\/parapentemax.com\/wp-content\/uploads\/2025\/01\/IMG-20220710-WA0009-1024x768.jpg 1024w, https:\/\/parapentemax.com\/wp-content\/uploads\/2025\/01\/IMG-20220710-WA0009-300x225.jpg 300w, https:\/\/parapentemax.com\/wp-content\/uploads\/2025\/01\/IMG-20220710-WA0009-768x576.jpg 768w, https:\/\/parapentemax.com\/wp-content\/uploads\/2025\/01\/IMG-20220710-WA0009-1536x1152.jpg 1536w, https:\/\/parapentemax.com\/wp-content\/uploads\/2025\/01\/IMG-20220710-WA0009.jpg 1600w\" sizes=\"(max-width: 800px) 100vw, 800px\" \/>\t\t\t\t\t\t\t\t\t\t\t\t\t\t\t<\/div>\n\t\t\t\t<\/div>\n\t\t\t\t\t<\/div>\n\t\t\t\t<\/div>\n\t\t\t\t<\/div>\n\t\t\t\t\t<\/div>\n\t\t\t\t<\/div>\n\t\t<div class=\"elementor-element elementor-element-171c806 e-flex e-con-boxed e-con e-parent\" data-id=\"171c806\" data-element_type=\"container\" data-settings=\"{&quot;content_width&quot;:&quot;boxed&quot;}\" data-core-v316-plus=\"true\">\n\t\t\t\t\t<div class=\"e-con-inner\">\n\t\t<div class=\"elementor-element elementor-element-82ab883 e-con-full e-flex e-con e-child\" data-id=\"82ab883\" data-element_type=\"container\" data-settings=\"{&quot;content_width&quot;:&quot;full&quot;}\">\n\t\t\t\t<div class=\"elementor-element elementor-element-4660afd elementor-widget elementor-widget-image\" data-id=\"4660afd\" data-element_type=\"widget\" data-widget_type=\"image.default\">\n\t\t\t\t<div class=\"elementor-widget-container\">\n\t\t\t\t\t\t\t\t\t\t\t\t\t\t\t<img width=\"800\" height=\"600\" src=\"https:\/\/parapentemax.com\/wp-content\/uploads\/2025\/01\/WhatsApp-Image-2025-01-16-at-09.09.22-1024x768.jpeg\" class=\"attachment-large size-large wp-image-1655\" alt=\"\" decoding=\"async\" srcset=\"https:\/\/parapentemax.com\/wp-content\/uploads\/2025\/01\/WhatsApp-Image-2025-01-16-at-09.09.22-1024x768.jpeg 1024w, https:\/\/parapentemax.com\/wp-content\/uploads\/2025\/01\/WhatsApp-Image-2025-01-16-at-09.09.22-300x225.jpeg 300w, https:\/\/parapentemax.com\/wp-content\/uploads\/2025\/01\/WhatsApp-Image-2025-01-16-at-09.09.22-768x576.jpeg 768w, https:\/\/parapentemax.com\/wp-content\/uploads\/2025\/01\/WhatsApp-Image-2025-01-16-at-09.09.22-1536x1152.jpeg 1536w, https:\/\/parapentemax.com\/wp-content\/uploads\/2025\/01\/WhatsApp-Image-2025-01-16-at-09.09.22.jpeg 1600w\" sizes=\"(max-width: 800px) 100vw, 800px\" \/>\t\t\t\t\t\t\t\t\t\t\t\t\t\t\t<\/div>\n\t\t\t\t<\/div>\n\t\t\t\t<\/div>\n\t\t\t\t\t<\/div>\n\t\t\t\t<\/div>\n\t\t<div class=\"elementor-element elementor-element-9bda435 e-flex e-con-boxed e-con e-parent\" data-id=\"9bda435\" data-element_type=\"container\" data-settings=\"{&quot;content_width&quot;:&quot;boxed&quot;}\" data-core-v316-plus=\"true\">\n\t\t\t\t\t<div class=\"e-con-inner\">\n\t\t<div class=\"elementor-element elementor-element-b5cf998 e-con-full e-flex e-con e-child\" data-id=\"b5cf998\" data-element_type=\"container\" data-settings=\"{&quot;content_width&quot;:&quot;full&quot;}\">\n\t\t\t\t<div class=\"elementor-element elementor-element-3eb6255 elementor-widget elementor-widget-image\" data-id=\"3eb6255\" data-element_type=\"widget\" data-widget_type=\"image.default\">\n\t\t\t\t<div class=\"elementor-widget-container\">\n\t\t\t\t\t\t\t\t\t\t\t\t\t\t\t<img loading=\"lazy\" width=\"800\" height=\"600\" src=\"https:\/\/parapentemax.com\/wp-content\/uploads\/2023\/11\/G0037943-1024x768.jpg\" class=\"attachment-large size-large wp-image-1252\" alt=\"\" decoding=\"async\" srcset=\"https:\/\/parapentemax.com\/wp-content\/uploads\/2023\/11\/G0037943-1024x768.jpg 1024w, https:\/\/parapentemax.com\/wp-content\/uploads\/2023\/11\/G0037943-300x225.jpg 300w, https:\/\/parapentemax.com\/wp-content\/uploads\/2023\/11\/G0037943-768x576.jpg 768w, https:\/\/parapentemax.com\/wp-content\/uploads\/2023\/11\/G0037943-1536x1152.jpg 1536w, https:\/\/parapentemax.com\/wp-content\/uploads\/2023\/11\/G0037943-2048x1536.jpg 2048w\" sizes=\"(max-width: 800px) 100vw, 800px\" \/>\t\t\t\t\t\t\t\t\t\t\t\t\t\t\t<\/div>\n\t\t\t\t<\/div>\n\t\t\t\t<\/div>\n\t\t<div class=\"elementor-element elementor-element-0537b05 e-con-full e-flex e-con e-child\" data-id=\"0537b05\" data-element_type=\"container\" data-settings=\"{&quot;content_width&quot;:&quot;full&quot;}\">\n\t\t\t\t<div class=\"elementor-element elementor-element-598055e elementor-widget elementor-widget-image\" data-id=\"598055e\" data-element_type=\"widget\" data-widget_type=\"image.default\">\n\t\t\t\t<div class=\"elementor-widget-container\">\n\t\t\t\t\t\t\t\t\t\t\t\t\t\t\t<img loading=\"lazy\" width=\"800\" height=\"600\" src=\"https:\/\/parapentemax.com\/wp-content\/uploads\/2023\/11\/bi-distance.png-1024x768.jpg\" class=\"attachment-large size-large wp-image-797\" alt=\"\" decoding=\"async\" srcset=\"https:\/\/parapentemax.com\/wp-content\/uploads\/2023\/11\/bi-distance.png-1024x768.jpg 1024w, https:\/\/parapentemax.com\/wp-content\/uploads\/2023\/11\/bi-distance.png-300x225.jpg 300w, https:\/\/parapentemax.com\/wp-content\/uploads\/2023\/11\/bi-distance.png-768x576.jpg 768w, https:\/\/parapentemax.com\/wp-content\/uploads\/2023\/11\/bi-distance.png-1536x1152.jpg 1536w, https:\/\/parapentemax.com\/wp-content\/uploads\/2023\/11\/bi-distance.png.jpg 1600w\" sizes=\"(max-width: 800px) 100vw, 800px\" \/>\t\t\t\t\t\t\t\t\t\t\t\t\t\t\t<\/div>\n\t\t\t\t<\/div>\n\t\t\t\t<\/div>\n\t\t\t\t\t<\/div>\n\t\t\t\t<\/div>\n\t\t<div class=\"elementor-element elementor-element-3cd972f e-flex e-con-boxed e-con e-parent\" data-id=\"3cd972f\" data-element_type=\"container\" data-settings=\"{&quot;content_width&quot;:&quot;boxed&quot;}\" data-core-v316-plus=\"true\">\n\t\t\t\t\t<div class=\"e-con-inner\">\n\t\t\t\t<div class=\"elementor-element elementor-element-ece6750 elementor-widget elementor-widget-image\" data-id=\"ece6750\" data-element_type=\"widget\" data-widget_type=\"image.default\">\n\t\t\t\t<div class=\"elementor-widget-container\">\n\t\t\t\t\t\t\t\t\t\t\t\t\t\t\t<img loading=\"lazy\" width=\"485\" height=\"1024\" src=\"https:\/\/parapentemax.com\/wp-content\/uploads\/2025\/01\/WhatsApp-Image-2025-01-16-at-10.01.14-485x1024.jpeg\" class=\"attachment-large size-large wp-image-1677\" alt=\"\" decoding=\"async\" srcset=\"https:\/\/parapentemax.com\/wp-content\/uploads\/2025\/01\/WhatsApp-Image-2025-01-16-at-10.01.14-485x1024.jpeg 485w, https:\/\/parapentemax.com\/wp-content\/uploads\/2025\/01\/WhatsApp-Image-2025-01-16-at-10.01.14-142x300.jpeg 142w, https:\/\/parapentemax.com\/wp-content\/uploads\/2025\/01\/WhatsApp-Image-2025-01-16-at-10.01.14-728x1536.jpeg 728w, https:\/\/parapentemax.com\/wp-content\/uploads\/2025\/01\/WhatsApp-Image-2025-01-16-at-10.01.14.jpeg 758w\" sizes=\"(max-width: 485px) 100vw, 485px\" \/>\t\t\t\t\t\t\t\t\t\t\t\t\t\t\t<\/div>\n\t\t\t\t<\/div>\n\t\t\t\t\t<\/div>\n\t\t\t\t<\/div>\n\t\t\t\t\t\t\t<\/div>\n\t\t","protected":false},"excerpt":{"rendered":"<p>Distance 250 \u20ac vol de 1h30 \u00e0 4h le MUST, une vraie balade a\u00e9rienne Visitez la r\u00e9gion sans bruit, gr\u00e2ce aux forces naturelles du vent et du soleil Pr\u00e9voir un cr\u00e9neau d\u2019un apr\u00e8s-midi Le jour J, on choisit le site de d\u00e9collage en fonction des conditions m\u00e9t\u00e9orologiques et on se donne un objectif de balade. [&hellip;]<\/p>\n","protected":false},"author":2,"featured_media":0,"parent":0,"menu_order":0,"comment_status":"closed","ping_status":"closed","template":"","meta":{"footnotes":""},"_links":{"self":[{"href":"https:\/\/parapentemax.com\/index.php\/wp-json\/wp\/v2\/pages\/775"}],"collection":[{"href":"https:\/\/parapentemax.com\/index.php\/wp-json\/wp\/v2\/pages"}],"about":[{"href":"https:\/\/parapentemax.com\/index.php\/wp-json\/wp\/v2\/types\/page"}],"author":[{"embeddable":true,"href":"https:\/\/parapentemax.com\/index.php\/wp-json\/wp\/v2\/users\/2"}],"replies":[{"embeddable":true,"href":"https:\/\/parapentemax.com\/index.php\/wp-json\/wp\/v2\/comments?post=775"}],"version-history":[{"count":53,"href":"https:\/\/parapentemax.com\/index.php\/wp-json\/wp\/v2\/pages\/775\/revisions"}],"predecessor-version":[{"id":1680,"href":"https:\/\/parapentemax.com\/index.php\/wp-json\/wp\/v2\/pages\/775\/revisions\/1680"}],"wp:attachment":[{"href":"https:\/\/parapentemax.com\/index.php\/wp-json\/wp\/v2\/media?parent=775"}],"curies":[{"name":"wp","href":"https:\/\/api.w.org\/{rel}","templated":true}]}}