{"id":620,"date":"2023-11-20T12:17:34","date_gmt":"2023-11-20T11:17:34","guid":{"rendered":"https:\/\/parapentemax.com\/?page_id=620"},"modified":"2026-04-09T09:26:05","modified_gmt":"2026-04-09T07:26:05","slug":"longue-duree","status":"publish","type":"page","link":"https:\/\/parapentemax.com\/index.php\/longue-duree\/","title":{"rendered":"Majestueux"},"content":{"rendered":"\t\t<div data-elementor-type=\"wp-page\" data-elementor-id=\"620\" class=\"elementor elementor-620\" data-elementor-post-type=\"page\">\n\t\t\t\t\t\t\t<div class=\"elementor-element elementor-element-d74de79 e-flex e-con-boxed e-con e-parent\" data-id=\"d74de79\" data-element_type=\"container\" data-settings=\"{&quot;content_width&quot;:&quot;boxed&quot;}\" data-core-v316-plus=\"true\">\n\t\t\t\t\t<div class=\"e-con-inner\">\n\t\t\t\t\t<\/div>\n\t\t\t\t<\/div>\n\t\t<div class=\"elementor-element elementor-element-50bee9c e-flex e-con-boxed e-con e-parent\" data-id=\"50bee9c\" data-element_type=\"container\" data-settings=\"{&quot;content_width&quot;:&quot;boxed&quot;}\" data-core-v316-plus=\"true\">\n\t\t\t\t\t<div class=\"e-con-inner\">\n\t\t\t\t\t<\/div>\n\t\t\t\t<\/div>\n\t\t<div class=\"elementor-element elementor-element-e18dcc1 e-flex e-con-boxed e-con e-parent\" data-id=\"e18dcc1\" data-element_type=\"container\" data-settings=\"{&quot;content_width&quot;:&quot;boxed&quot;}\" data-core-v316-plus=\"true\">\n\t\t\t\t\t<div class=\"e-con-inner\">\n\t\t<div class=\"elementor-element elementor-element-837f843 e-con-full e-flex e-con e-child\" data-id=\"837f843\" data-element_type=\"container\" data-settings=\"{&quot;content_width&quot;:&quot;full&quot;}\">\n\t\t\t\t<\/div>\n\t\t<div class=\"elementor-element elementor-element-d615a85 e-con-full e-flex e-con e-child\" data-id=\"d615a85\" data-element_type=\"container\" data-settings=\"{&quot;content_width&quot;:&quot;full&quot;}\">\n\t\t\t\t<div class=\"elementor-element elementor-element-a8baf4c elementor-flip-box--effect-flip elementor-flip-box--direction-up elementor-widget elementor-widget-flip-box\" data-id=\"a8baf4c\" data-element_type=\"widget\" data-widget_type=\"flip-box.default\">\n\t\t\t\t<div class=\"elementor-widget-container\">\n\t\t\t<link rel=\"stylesheet\" href=\"https:\/\/parapentemax.com\/wp-content\/plugins\/elementor-pro\/assets\/css\/widget-flip-box.min.css\">\t\t<div class=\"elementor-flip-box\" tabindex=\"0\">\n\t\t\t<div class=\"elementor-flip-box__layer elementor-flip-box__front\">\n\t\t\t\t<div class=\"elementor-flip-box__layer__overlay\">\n\t\t\t\t\t<div class=\"elementor-flip-box__layer__inner\">\n\t\t\t\t\t\t\t\t\t\t\t\t\t<div class=\"elementor-flip-box__image\">\n\t\t\t\t\t\t\t\t<img decoding=\"async\" src=\"https:\/\/parapentemax.com\/wp-content\/uploads\/2025\/01\/IMG-20220709-WA0010.jpg\" title=\"IMG-20220709-WA0010\" alt=\"IMG-20220709-WA0010\" loading=\"lazy\" \/>\t\t\t\t\t\t\t<\/div>\n\t\t\t\t\t\t\n\t\t\t\t\t\t\t\t\t\t\t\t\t<h3 class=\"elementor-flip-box__layer__title\">\n\t\t\t\t\t\t\t\tMajestueux <br>160 \u20ac\t\t\t\t\t\t\t<\/h3>\n\t\t\t\t\t\t\n\t\t\t\t\t\t\t\t\t\t\t\t\t<div class=\"elementor-flip-box__layer__description\">\n\t\t\t\t\t\t\t\tVol 40 mns \u00e0 1h\t\t\t\t\t\t\t<\/div>\n\t\t\t\t\t\t\t\t\t\t\t<\/div>\n\t\t\t\t<\/div>\n\t\t\t<\/div>\n\t\t\t<div class=\"elementor-flip-box__layer elementor-flip-box__back\">\n\t\t\t<div class=\"elementor-flip-box__layer__overlay\">\n\t\t\t\t<div class=\"elementor-flip-box__layer__inner\">\n\t\t\t\t\t\t\t\t\t\t\t<h3 class=\"elementor-flip-box__layer__title\">\n\t\t\t\t\t\t\tVol thermique ou dynamique\t\t\t\t\t\t<\/h3>\n\t\t\t\t\t\n\t\t\t\t\t\t\t\t\t\t\t<div class=\"elementor-flip-box__layer__description\">\n\t\t\t\t\t\t\tId\u00e9al pour ceux qui souhaitent un temps de vol rallong\u00e9 pour en profiter pleinement\n\t\t\t\t\t\t<\/div>\n\t\t\t\t\t\n\t\t\t\t\t\t\t\t<\/div>\n\t\t<\/div>\n\t\t<\/div>\n\t\t<\/div>\n\t\t\t\t<\/div>\n\t\t\t\t<\/div>\n\t\t\t\t<\/div>\n\t\t\t\t\t<\/div>\n\t\t\t\t<\/div>\n\t\t<div class=\"elementor-element elementor-element-237a211 e-flex e-con-boxed e-con e-parent\" data-id=\"237a211\" data-element_type=\"container\" data-settings=\"{&quot;content_width&quot;:&quot;boxed&quot;}\" data-core-v316-plus=\"true\">\n\t\t\t\t\t<div class=\"e-con-inner\">\n\t\t<div class=\"elementor-element elementor-element-594caf3 e-con-full e-flex e-con e-child\" data-id=\"594caf3\" data-element_type=\"container\" data-settings=\"{&quot;content_width&quot;:&quot;full&quot;}\">\n\t\t\t\t<div class=\"elementor-element elementor-element-a9ce0e5 elementor-widget elementor-widget-text-editor\" data-id=\"a9ce0e5\" data-element_type=\"widget\" data-widget_type=\"text-editor.default\">\n\t\t\t\t<div class=\"elementor-widget-container\">\n\t\t\t<style>\/*! elementor - v3.18.0 - 20-12-2023 *\/\n.elementor-widget-text-editor.elementor-drop-cap-view-stacked .elementor-drop-cap{background-color:#69727d;color:#fff}.elementor-widget-text-editor.elementor-drop-cap-view-framed .elementor-drop-cap{color:#69727d;border:3px solid;background-color:transparent}.elementor-widget-text-editor:not(.elementor-drop-cap-view-default) .elementor-drop-cap{margin-top:8px}.elementor-widget-text-editor:not(.elementor-drop-cap-view-default) .elementor-drop-cap-letter{width:1em;height:1em}.elementor-widget-text-editor .elementor-drop-cap{float:left;text-align:center;line-height:1;font-size:50px}.elementor-widget-text-editor .elementor-drop-cap-letter{display:inline-block}<\/style>\t\t\t\t<p>\u00a0<\/p><p><strong>Ascension en conditions thermiques<\/strong><\/p><p>Possibilit\u00e9 du survol du d\u00e9collage (100 m \u00e0 1000 m au-dessus)<\/p><p>Acc\u00e8s 4&#215;4 Toyota 8 places<\/p><p>\u00a0Equipements \u00e0 pr\u00e9voir\u00a0:<\/p><ul><li>Des chaussures ferm\u00e9es qui tiennent aux pieds<\/li><li>Une veste et un pull<\/li><li>Des v\u00eatements adapt\u00e9s en fonction de la m\u00e9t\u00e9o<\/li><\/ul><p>(pour l\u2019hiver, tenue de ski conseill\u00e9e)<\/p>\t\t\t\t\t\t<\/div>\n\t\t\t\t<\/div>\n\t\t\t\t<\/div>\n\t\t<div class=\"elementor-element elementor-element-d7e8cf5 e-con-full e-flex e-con e-child\" data-id=\"d7e8cf5\" data-element_type=\"container\" data-settings=\"{&quot;content_width&quot;:&quot;full&quot;}\">\n\t\t<div class=\"elementor-element elementor-element-000ee31 e-flex e-con-boxed e-con e-child\" data-id=\"000ee31\" data-element_type=\"container\" data-settings=\"{&quot;content_width&quot;:&quot;boxed&quot;}\">\n\t\t\t\t\t<div class=\"e-con-inner\">\n\t\t\t\t<div class=\"elementor-element elementor-element-03ec870 elementor-widget elementor-widget-image\" data-id=\"03ec870\" data-element_type=\"widget\" data-widget_type=\"image.default\">\n\t\t\t\t<div class=\"elementor-widget-container\">\n\t\t\t<style>\/*! elementor - v3.18.0 - 20-12-2023 *\/\n.elementor-widget-image{text-align:center}.elementor-widget-image a{display:inline-block}.elementor-widget-image a img[src$=\".svg\"]{width:48px}.elementor-widget-image img{vertical-align:middle;display:inline-block}<\/style>\t\t\t\t\t\t\t\t\t\t\t\t<img fetchpriority=\"high\" width=\"800\" height=\"600\" src=\"https:\/\/parapentemax.com\/wp-content\/uploads\/2025\/01\/WhatsApp-Image-2025-01-15-at-12.43.26.jpeg\" class=\"attachment-large size-large wp-image-1551\" alt=\"\" decoding=\"async\" srcset=\"https:\/\/parapentemax.com\/wp-content\/uploads\/2025\/01\/WhatsApp-Image-2025-01-15-at-12.43.26.jpeg 960w, https:\/\/parapentemax.com\/wp-content\/uploads\/2025\/01\/WhatsApp-Image-2025-01-15-at-12.43.26-300x225.jpeg 300w, https:\/\/parapentemax.com\/wp-content\/uploads\/2025\/01\/WhatsApp-Image-2025-01-15-at-12.43.26-768x576.jpeg 768w\" sizes=\"(max-width: 800px) 100vw, 800px\" \/>\t\t\t\t\t\t\t\t\t\t\t\t\t\t\t<\/div>\n\t\t\t\t<\/div>\n\t\t\t\t\t<\/div>\n\t\t\t\t<\/div>\n\t\t\t\t<\/div>\n\t\t\t\t\t<\/div>\n\t\t\t\t<\/div>\n\t\t<div class=\"elementor-element elementor-element-be3a672 e-flex e-con-boxed e-con e-parent\" data-id=\"be3a672\" data-element_type=\"container\" data-settings=\"{&quot;content_width&quot;:&quot;boxed&quot;}\" data-core-v316-plus=\"true\">\n\t\t\t\t\t<div class=\"e-con-inner\">\n\t\t<div class=\"elementor-element elementor-element-2de04c1 e-con-full e-flex e-con e-child\" data-id=\"2de04c1\" data-element_type=\"container\" data-settings=\"{&quot;content_width&quot;:&quot;full&quot;}\">\n\t\t\t\t<div class=\"elementor-element elementor-element-f76e245 elementor-widget__width-initial elementor-widget elementor-widget-image\" data-id=\"f76e245\" data-element_type=\"widget\" data-widget_type=\"image.default\">\n\t\t\t\t<div class=\"elementor-widget-container\">\n\t\t\t\t\t\t\t\t\t\t\t\t\t\t\t<img width=\"800\" height=\"600\" src=\"https:\/\/parapentemax.com\/wp-content\/uploads\/2025\/01\/G0019697-1024x768.jpg\" class=\"attachment-large size-large wp-image-1618\" alt=\"\" decoding=\"async\" srcset=\"https:\/\/parapentemax.com\/wp-content\/uploads\/2025\/01\/G0019697-1024x768.jpg 1024w, https:\/\/parapentemax.com\/wp-content\/uploads\/2025\/01\/G0019697-300x225.jpg 300w, https:\/\/parapentemax.com\/wp-content\/uploads\/2025\/01\/G0019697-768x576.jpg 768w, https:\/\/parapentemax.com\/wp-content\/uploads\/2025\/01\/G0019697-1536x1152.jpg 1536w, https:\/\/parapentemax.com\/wp-content\/uploads\/2025\/01\/G0019697-2048x1536.jpg 2048w\" sizes=\"(max-width: 800px) 100vw, 800px\" \/>\t\t\t\t\t\t\t\t\t\t\t\t\t\t\t<\/div>\n\t\t\t\t<\/div>\n\t\t\t\t<\/div>\n\t\t<div class=\"elementor-element elementor-element-0a51797 e-con-full e-flex e-con e-child\" data-id=\"0a51797\" data-element_type=\"container\" data-settings=\"{&quot;content_width&quot;:&quot;full&quot;}\">\n\t\t\t\t<div class=\"elementor-element elementor-element-b5c4ff1 elementor-widget elementor-widget-image\" data-id=\"b5c4ff1\" data-element_type=\"widget\" data-widget_type=\"image.default\">\n\t\t\t\t<div class=\"elementor-widget-container\">\n\t\t\t\t\t\t\t\t\t\t\t\t\t\t\t<img width=\"640\" height=\"480\" src=\"https:\/\/parapentemax.com\/wp-content\/uploads\/2023\/10\/deco-longe.jpg\" class=\"attachment-large size-large wp-image-17\" alt=\"\" decoding=\"async\" srcset=\"https:\/\/parapentemax.com\/wp-content\/uploads\/2023\/10\/deco-longe.jpg 640w, https:\/\/parapentemax.com\/wp-content\/uploads\/2023\/10\/deco-longe-300x225.jpg 300w\" sizes=\"(max-width: 640px) 100vw, 640px\" \/>\t\t\t\t\t\t\t\t\t\t\t\t\t\t\t<\/div>\n\t\t\t\t<\/div>\n\t\t\t\t<\/div>\n\t\t\t\t\t<\/div>\n\t\t\t\t<\/div>\n\t\t\t\t\t\t\t<\/div>\n\t\t","protected":false},"excerpt":{"rendered":"<p>Majestueux 160 \u20ac Vol 40 mns \u00e0 1h Vol thermique ou dynamique Id\u00e9al pour ceux qui souhaitent un temps de vol rallong\u00e9 pour en profiter pleinement \u00a0 Ascension en conditions thermiques Possibilit\u00e9 du survol du d\u00e9collage (100 m \u00e0 1000 m au-dessus) Acc\u00e8s 4&#215;4 Toyota 8 places \u00a0Equipements \u00e0 pr\u00e9voir\u00a0: Des chaussures ferm\u00e9es qui tiennent [&hellip;]<\/p>\n","protected":false},"author":2,"featured_media":0,"parent":0,"menu_order":0,"comment_status":"closed","ping_status":"closed","template":"","meta":{"footnotes":""},"_links":{"self":[{"href":"https:\/\/parapentemax.com\/index.php\/wp-json\/wp\/v2\/pages\/620"}],"collection":[{"href":"https:\/\/parapentemax.com\/index.php\/wp-json\/wp\/v2\/pages"}],"about":[{"href":"https:\/\/parapentemax.com\/index.php\/wp-json\/wp\/v2\/types\/page"}],"author":[{"embeddable":true,"href":"https:\/\/parapentemax.com\/index.php\/wp-json\/wp\/v2\/users\/2"}],"replies":[{"embeddable":true,"href":"https:\/\/parapentemax.com\/index.php\/wp-json\/wp\/v2\/comments?post=620"}],"version-history":[{"count":105,"href":"https:\/\/parapentemax.com\/index.php\/wp-json\/wp\/v2\/pages\/620\/revisions"}],"predecessor-version":[{"id":2391,"href":"https:\/\/parapentemax.com\/index.php\/wp-json\/wp\/v2\/pages\/620\/revisions\/2391"}],"wp:attachment":[{"href":"https:\/\/parapentemax.com\/index.php\/wp-json\/wp\/v2\/media?parent=620"}],"curies":[{"name":"wp","href":"https:\/\/api.w.org\/{rel}","templated":true}]}}