{"id":1869,"date":"2025-03-10T13:57:45","date_gmt":"2025-03-10T12:57:45","guid":{"rendered":"https:\/\/parapentemax.com\/?page_id=1869"},"modified":"2025-03-10T15:01:51","modified_gmt":"2025-03-10T14:01:51","slug":"conditions-generales-de-ventes","status":"publish","type":"page","link":"https:\/\/parapentemax.com\/index.php\/conditions-generales-de-ventes\/","title":{"rendered":"Conditions g\u00e9n\u00e9rales de ventes"},"content":{"rendered":"\t\t<div data-elementor-type=\"wp-page\" data-elementor-id=\"1869\" class=\"elementor elementor-1869\" data-elementor-post-type=\"page\">\n\t\t\t\t\t\t\t<div class=\"elementor-element elementor-element-094958f e-flex e-con-boxed e-con e-parent\" data-id=\"094958f\" data-element_type=\"container\" data-settings=\"{&quot;content_width&quot;:&quot;boxed&quot;}\" data-core-v316-plus=\"true\">\n\t\t\t\t\t<div class=\"e-con-inner\">\n\t\t\t\t<div class=\"elementor-element elementor-element-8b048a9 elementor-widget elementor-widget-text-editor\" data-id=\"8b048a9\" data-element_type=\"widget\" data-widget_type=\"text-editor.default\">\n\t\t\t\t<div class=\"elementor-widget-container\">\n\t\t\t<style>\/*! elementor - v3.18.0 - 20-12-2023 *\/\n.elementor-widget-text-editor.elementor-drop-cap-view-stacked .elementor-drop-cap{background-color:#69727d;color:#fff}.elementor-widget-text-editor.elementor-drop-cap-view-framed .elementor-drop-cap{color:#69727d;border:3px solid;background-color:transparent}.elementor-widget-text-editor:not(.elementor-drop-cap-view-default) .elementor-drop-cap{margin-top:8px}.elementor-widget-text-editor:not(.elementor-drop-cap-view-default) .elementor-drop-cap-letter{width:1em;height:1em}.elementor-widget-text-editor .elementor-drop-cap{float:left;text-align:center;line-height:1;font-size:50px}.elementor-widget-text-editor .elementor-drop-cap-letter{display:inline-block}<\/style>\t\t\t\t<p>Lorem ipsum dolor sit amet, consectetur adipiscing elit. Ut elit tellus, luctus nec ullamcorper mattis, pulvinar dapibus leo.<\/p>\t\t\t\t\t\t<\/div>\n\t\t\t\t<\/div>\n\t\t\t\t\t<\/div>\n\t\t\t\t<\/div>\n\t\t<div class=\"elementor-element elementor-element-198db91 e-flex e-con-boxed e-con e-parent\" data-id=\"198db91\" data-element_type=\"container\" data-settings=\"{&quot;content_width&quot;:&quot;boxed&quot;}\" data-core-v316-plus=\"true\">\n\t\t\t\t\t<div class=\"e-con-inner\">\n\t\t\t\t<div class=\"elementor-element elementor-element-c5ec309 elementor-widget elementor-widget-text-editor\" data-id=\"c5ec309\" data-element_type=\"widget\" data-widget_type=\"text-editor.default\">\n\t\t\t\t<div class=\"elementor-widget-container\">\n\t\t\t\t\t\t\t<p><strong>Conditions g\u00e9n\u00e9rales de vente<\/strong><\/p>\n<p><strong>1. Pr\u00e9sentation du site.<\/strong><br>En vertu de l&rsquo;article 6 de la loi n\u00b0 2004-575 du 21 juin 2004 pour la confiance dans l&rsquo;\u00e9conomie num\u00e9rique, il est pr\u00e9cis\u00e9 aux utilisateurs du site Parapente Max. com l&rsquo;identit\u00e9 des diff\u00e9rents intervenants dans le cadre de sa r\u00e9alisation et de son suivi :<\/p>\n<p>Propri\u00e9taire : Parapente Max<\/p>\n<p>Adresse : le village &#8211;&nbsp;05400 oze<\/p>\n<p>Email : <a href=\"mailto:oumbre@wanadoo.fr\">oumbre@wanadoo.fr<\/a><\/p>\n<p>Siret : 899 756 241 000019<br>code APE 8551Z<br>tva intra-communautaire : FR&nbsp;71899756241<\/p>\n<p>Responsable publication : David RICHIER. Le responsable publication est une personne physique.<\/p>\n<p>Cette version du site a \u00e9t\u00e9 cr\u00e9e par Parapente Max.<\/p>\n<p>H\u00e9bergeur : Hotsinger<\/p>\n<p><strong>2. Conditions g\u00e9n\u00e9rales d&rsquo;utilisation du site et des services propos\u00e9s.<\/strong><\/p>\n<p>L&rsquo;utilisation du site implique l&rsquo;acceptation pleine et enti\u00e8re des conditions g\u00e9n\u00e9rales d&rsquo;utilisation ci-apr\u00e8s d\u00e9crites. Ces conditions d&rsquo;utilisation sont susceptibles d&rsquo;\u00eatre modifi\u00e9es ou compl\u00e9t\u00e9es \u00e0 tout moment, les utilisateurs du site sont donc invit\u00e9s \u00e0 les consulter de mani\u00e8re r\u00e9guli\u00e8re.<\/p>\n<p>Ce site est normalement accessible \u00e0 tout moment aux utilisateurs. Une interruption pour raison de maintenance technique peut \u00eatre toutefois d\u00e9cid\u00e9e par Parapente&nbsp;Max .<\/p>\n<p>Le site est mis \u00e0 jour r\u00e9guli\u00e8rement. De la m\u00eame fa\u00e7on, les mentions l\u00e9gales peuvent \u00eatre modifi\u00e9es \u00e0 tout moment : elles s&rsquo;imposent n\u00e9anmoins \u00e0 l&rsquo;utilisateur qui est invit\u00e9 \u00e0 s&rsquo;y r\u00e9f\u00e9rer le plus souvent possible afin d&rsquo;en prendre connaissance.<\/p>\n<p><strong>3. Description des services fournis.<\/strong><\/p>\n<p>Le site Parapente Max a pour objet de fournir une information concernant l&rsquo;ensemble des activit\u00e9s de la soci\u00e9t\u00e9.<\/p>\n<p>Parapente Max s&rsquo;efforce de fournir sur le site des informations aussi pr\u00e9cises que possible. Toutefois, il ne pourra \u00eatre tenue responsable des omissions, des inexactitudes et des carences dans la mise \u00e0 jour, qu&rsquo;elles soient de son fait ou du fait des tiers partenaires qui lui fournissent ces informations.<\/p>\n<p>Tous les informations indiqu\u00e9es sur le site Parapente Max sont donn\u00e9es \u00e0 titre indicatif, et sont susceptibles d&rsquo;\u00e9voluer. Par ailleurs, les renseignements figurant sur le site ne sont pas exhaustifs. Ils sont donn\u00e9s sous r\u00e9serve de modifications ayant \u00e9t\u00e9 apport\u00e9es depuis leur mise en ligne.<\/p>\n<p><strong>4. Limitations contractuelles sur les donn\u00e9es techniques.<\/strong><\/p>\n<p>Le site utilise parfois la technologie JavaScript.<\/p>\n<p>Le site Internet ne pourra \u00eatre tenu responsable de dommages mat\u00e9riels li\u00e9s \u00e0 l&rsquo;utilisation du site. De plus, l&rsquo;utilisateur du site s&rsquo;engage \u00e0 acc\u00e9der au site en utilisant un mat\u00e9riel r\u00e9cent, ne contenant pas de virus et avec un navigateur de derni\u00e8re g\u00e9n\u00e9ration mis-\u00e0-jour<\/p>\n<p><strong>5. Propri\u00e9t\u00e9 intellectuelle et contrefa\u00e7ons.<\/strong><\/p>\n<p>ParapenteMax.com est propri\u00e9taire des droits de propri\u00e9t\u00e9 intellectuelle ou d\u00e9tient les droits d&rsquo;usage sur tous les \u00e9l\u00e9ments accessibles sur le site, notamment les textes, images, graphismes, logo, ic\u00f4nes, sons, logiciels.<\/p>\n<p>Toute reproduction, repr\u00e9sentation, modification, publication, adaptation de tout ou partie des \u00e9l\u00e9ments du site, quel que soit le moyen ou le proc\u00e9d\u00e9 utilis\u00e9, est interdite, sauf autorisation \u00e9crite pr\u00e9alable de : Parapente Max.<\/p>\n<p>Toute exploitation non autoris\u00e9e du site ou de l&rsquo;un quelconque des \u00e9l\u00e9ments qu&rsquo;il contient sera consid\u00e9r\u00e9e comme constitutive d&rsquo;une contrefa\u00e7on et poursuivie conform\u00e9ment aux dispositions des articles L.335-2 et suivants du Code de Propri\u00e9t\u00e9 Intellectuelle.<\/p>\n<p><strong>6.Annulation de stage.<\/strong><\/p>\n<p>Si le nombre d&rsquo;inscrits \u00e0 un stage est \u00e9gal ou inf\u00e9rieur \u00e0 3, Parapente Max se r\u00e9serve le droit de d\u00e9placer ou d&rsquo;annuler (et rembourser) ce stage.<\/p>\n<p>En cas d&rsquo;annulation d&rsquo;un stage par le participant, vos arrhes seront conserv\u00e9es, quelque soit le d\u00e9lai, sauf en cas de remplacement par un autre participant ayant les pr\u00e9requis pour le stage.<\/p>\n<p>L&rsquo;absence non justifi\u00e9e du stagiaire au d\u00e9but de sa formation, sans information sur sa non pr\u00e9sence a moins de 10 jours du debut du stage,&nbsp; l&rsquo;engage \u00e0 r\u00e9gler \u00e0 Parapente Max la totalit\u00e9 du prix du stage. Toute annulation partielle ou d\u00e9part anticip\u00e9 n&rsquo;ouvre aucun droit \u00e0 r\u00e9duction ou avoir.<\/p>\n<p>Mauvaise m\u00e9t\u00e9o: nombre de demi-journ\u00e9es manquantes seront&nbsp;compt\u00e9es en avoir, pas de remboursement. Si vous d\u00e9cidez d&rsquo;interrompre votre stage pour des raisons personnelles (autres que m\u00e9dicales),&nbsp;les journ\u00e9es non effectu\u00e9es seront perdues.<br>En cas de probl\u00e8me m\u00e9dical moins de 1 mois avant la date de d\u00e9but de stage, ou pendant le stage , sur pr\u00e9sentation d&rsquo;un certificat de contre-indication \u00e0 la pratique du parapente, votre acompte ainsi que les journ\u00e9es non effectu\u00e9es pourront faire l&rsquo;objet d&rsquo;un avoir dans la limite de validit\u00e9 d&rsquo;un an (pas de remboursement).<\/p>\n<p>Tout remboursement d&rsquo;acompte sur les stages entraine la perte de 50 euros pour couvrir les frais bancaires, de gestion et de dossier.<\/p>\n<p>Les stages de 5 jours, du lundi au vendredi, peuvent \u00eatre prolong\u00e9s le samedi ou le dimanche en cas de mauvaise m\u00e9t\u00e9o durant la semaine. La journ\u00e9e du samedi ou du dimanche si elle est n\u00e9cessaire pour finir un stage, ne peut pas \u00eatre remplac\u00e9e par une journ\u00e9e d&rsquo;avoir ou faire l&rsquo;objet d&rsquo;un remboursement, de m\u00eame que le d\u00e9part pr\u00e9matur\u00e9 d&rsquo;un participant avant la fin du stage.<\/p>\n<p>Les journ\u00e9es non valid\u00e9es feront l&rsquo;objet de journ\u00e9es d&rsquo;avoirs ou de remboursements.<\/p>\n<p><strong>7- Biplaces (tandem)<\/strong><\/p>\n<p>Les bons cadeaux des vols biplaces sont valable 1 an et seront rembours\u00e9s en cas d&rsquo;impossibilit\u00e9 de vol en raison de la m\u00e9t\u00e9o sur la dur\u00e9e du sejour du passager (ou des s\u00e9jours) sur ladite ann\u00e9e de validit\u00e9.<\/p>\n<p>Tout remboursement entra\u00eene la perte de 20\u20ac de frais de gestion.<\/p>\n<p>En cas d&rsquo;annulation pour des raisons personnelles au passager, aucun remboursement ne sera accord\u00e9 avant la date de fin de validit\u00e9.<\/p>\n<p><strong>8- Contenu et charte des stages<\/strong><\/p>\n<p>Adaptabilit\u00e9 : Lors de tous ses stages, Parapente Max utilise diff\u00e9rents types de s\u00e9ances pour votre plaisir et votre progression:<\/p>\n<p>\u2013 Cours th\u00e9oriques sp\u00e9cifiques&nbsp;\u00e0 votre niveau (en salle, avec tableau+outils p\u00e9dagogiques)<\/p>\n<p>\u2013 d\u00e9briefing vid\u00e9o personnalis\u00e9 sur \u00e9cran<\/p>\n<p>\u2013 Pilotage au sol (gonflage avec voiles de petite taille, ou taille normale suivant la force du vent)<\/p>\n<p>\u2013 simulateur pilotage sur portique sellette<\/p>\n<p>\u2013 Petits vols sur pente \u00e9cole<\/p>\n<p>\u2013 Grands vols<\/p>\n<p>Sites :<br>Le choix des sites de vols ou de gonflage se d\u00e9cident en fonction de la m\u00e9t\u00e9o combin\u00e9 aux niveaux des stagiaires. <br>il est possible de se d\u00e9placer dans un cercle de Laragne, Courtet, Orci\u00e8res et Chorges.<br>n\u00e9anmoins nous avons une dizaine de sites \u00e0 moins de 30km de Aspres-sur-Bu\u00ebch<\/p>\n<p>L&rsquo;\u00e9quipe d&rsquo;encadrement se r\u00e9serve le droit d&rsquo;adapter au mieux les s\u00e9ances, suivant les objectifs p\u00e9dagogiques, les conditions m\u00e9t\u00e9o, votre propre progression, et bien s\u00fbr la s\u00e9curit\u00e9 de chacun.<\/p>\n<p>Mat\u00e9riel<br>Parapente Max fournit tout le mat\u00e9riel n\u00e9cessaire, tout au long de votre formation.<\/p>\n<p>Vous pouvez utiliser votre propre mat\u00e9riel. Parapente Max se r\u00e9serve le droit de refuser du mat\u00e9riel ne correspondant pas aux crit\u00e8res de s\u00e9curit\u00e9.(normes et obligations de moyen).<\/p>\n<p>En cas de d\u00e9t\u00e9rioration du mat\u00e9riel de Parapente Max par un stagiaire, sur non respect des consignes des moniteurs, Parapente Max se r\u00e9serve le droit de facturer \u00e0 ce dernier le montant total des frais de remise en \u00e9tat par un atelier agr\u00e9\u00e9.<\/p>\n<p>Boutique<br>Les produits propos\u00e9s sont conformes \u00e0 la l\u00e9gislation fran\u00e7aise en vigueur et aux normes \u00e9dict\u00e9es par la FFVL d\u00e9l\u00e9gataire du minist\u00e8re des sports. La responsabilit\u00e9 de Parapente Max ne saurait \u00eatre engag\u00e9e en cas de non respect de la l\u00e9gislation d&rsquo;un autre pays.<\/p>\n<p>Pr\u00e9paration de votre stage<br>Pr\u00e9parez-vous physiquement : \u00eatre en bonne forme physique est un gage ind\u00e9niable de s\u00e9curit\u00e9. De plus, quelques sorties en marche rapide sur terrain de pleine nature feront le plus grand bien \u00e0 vos chevilles.<\/p>\n<p>Pr\u00e9voyez :<br>de quoi se couvrir du chaud comme du froid.<br>Des chaussures Outdoor style basket<br>Une tenue de plein air robuste<br>Tee-shirt \u00e0 manches longues, vestes chaudes type polaire et veste.<br>Eventuellement des gants fins en \u00e9t\u00e9 ou plus chauds en d\u00e9but de saison<br>Des lunettes de soleil.<br>casquettes\/chapeau <br>cr\u00e8me solaire<\/p>\n<p>Protection de vos donn\u00e9es personnelles<br>Parapente Max s&rsquo;engage \u00e0 ne pas vendre, ne pas commercialiser, ne pas louer ni communiquer les informations vous concernant \u00e0 des tiers. Si nous devions \u00eatre victime d&rsquo;un vol av\u00e9r\u00e9 de documents, que ce soit sur support papier ou informatique, contenant des informations vous concernant, Parapente Max d\u00e9clinerait alors toute responsabilit\u00e9 quant \u00e0 l&rsquo;utilisation qui pourrait \u00eatre faite des donn\u00e9es vous concernant.<\/p>\n<p>Les photos et textes expos\u00e9s sur le site <a href=\"http:\/\/parapentemax.com\">parapentemax.com<\/a> ne sont pas contractuels.<\/p>\n<p>Litige &#8211; M\u00e9diation de la consommation LITIGE \u2013 MEDIATION DE LA CONSOMMATION<br>En cas de litige entre le Client et l&rsquo;entreprise, ceux-ci s&rsquo;efforceront de le r\u00e9soudre \u00e0 l&rsquo;amiable (le Client adressera une r\u00e9clamation \u00e9crite aupr\u00e8s du Service Relations Client\u00e8le du Constructeur ou celui du Vendeur).<br>A d\u00e9faut d&rsquo;accord amiable ou en l&rsquo;absence de r\u00e9ponse du professionnel dans un d\u00e9lai raisonnable d&rsquo;un (1) mois, le Client consommateur au sens de l&rsquo;article L.133-4 du code de la consommation a la possibilit\u00e9 de saisir gratuitement, si un d\u00e9saccord subsiste, le m\u00e9diateur comp\u00e9tent inscrit sur la liste des m\u00e9diateurs \u00e9tablie par la Commission d&rsquo;\u00e9valuation et de contr\u00f4le de la m\u00e9diation de la consommation en application de l&rsquo;article L.615-1 du code de la consommation.<\/p>\t\t\t\t\t\t<\/div>\n\t\t\t\t<\/div>\n\t\t\t\t\t<\/div>\n\t\t\t\t<\/div>\n\t\t\t\t\t\t\t<\/div>\n\t\t","protected":false},"excerpt":{"rendered":"<p>Lorem ipsum dolor sit amet, consectetur adipiscing elit. Ut elit tellus, luctus nec ullamcorper mattis, pulvinar dapibus leo. Conditions g\u00e9n\u00e9rales de vente 1. Pr\u00e9sentation du site.En vertu de l&rsquo;article 6 de la loi n\u00b0 2004-575 du 21 juin 2004 pour la confiance dans l&rsquo;\u00e9conomie num\u00e9rique, il est pr\u00e9cis\u00e9 aux utilisateurs du site Parapente Max. com [&hellip;]<\/p>\n","protected":false},"author":1,"featured_media":0,"parent":0,"menu_order":0,"comment_status":"closed","ping_status":"closed","template":"","meta":{"footnotes":""},"_links":{"self":[{"href":"https:\/\/parapentemax.com\/index.php\/wp-json\/wp\/v2\/pages\/1869"}],"collection":[{"href":"https:\/\/parapentemax.com\/index.php\/wp-json\/wp\/v2\/pages"}],"about":[{"href":"https:\/\/parapentemax.com\/index.php\/wp-json\/wp\/v2\/types\/page"}],"author":[{"embeddable":true,"href":"https:\/\/parapentemax.com\/index.php\/wp-json\/wp\/v2\/users\/1"}],"replies":[{"embeddable":true,"href":"https:\/\/parapentemax.com\/index.php\/wp-json\/wp\/v2\/comments?post=1869"}],"version-history":[{"count":8,"href":"https:\/\/parapentemax.com\/index.php\/wp-json\/wp\/v2\/pages\/1869\/revisions"}],"predecessor-version":[{"id":1885,"href":"https:\/\/parapentemax.com\/index.php\/wp-json\/wp\/v2\/pages\/1869\/revisions\/1885"}],"wp:attachment":[{"href":"https:\/\/parapentemax.com\/index.php\/wp-json\/wp\/v2\/media?parent=1869"}],"curies":[{"name":"wp","href":"https:\/\/api.w.org\/{rel}","templated":true}]}}