{"id":1507,"date":"2025-01-15T12:12:09","date_gmt":"2025-01-15T11:12:09","guid":{"rendered":"https:\/\/parapentemax.com\/?page_id=1507"},"modified":"2026-04-09T09:25:48","modified_gmt":"2026-04-09T07:25:48","slug":"prestige","status":"publish","type":"page","link":"https:\/\/parapentemax.com\/index.php\/prestige\/","title":{"rendered":"Longue Dur\u00e9e"},"content":{"rendered":"\t\t<div data-elementor-type=\"wp-page\" data-elementor-id=\"1507\" class=\"elementor elementor-1507\" data-elementor-post-type=\"page\">\n\t\t\t\t\t\t\t<div class=\"elementor-element elementor-element-615cfb7 e-flex e-con-boxed e-con e-parent\" data-id=\"615cfb7\" data-element_type=\"container\" data-settings=\"{&quot;content_width&quot;:&quot;boxed&quot;}\" data-core-v316-plus=\"true\">\n\t\t\t\t\t<div class=\"e-con-inner\">\n\t\t\t\t\t<\/div>\n\t\t\t\t<\/div>\n\t\t<div class=\"elementor-element elementor-element-7bbd689 e-flex e-con-boxed e-con e-parent\" data-id=\"7bbd689\" data-element_type=\"container\" data-settings=\"{&quot;content_width&quot;:&quot;boxed&quot;}\" data-core-v316-plus=\"true\">\n\t\t\t\t\t<div class=\"e-con-inner\">\n\t\t\t\t\t<\/div>\n\t\t\t\t<\/div>\n\t\t<div class=\"elementor-element elementor-element-f589c3b e-flex e-con-boxed e-con e-parent\" data-id=\"f589c3b\" data-element_type=\"container\" data-settings=\"{&quot;content_width&quot;:&quot;boxed&quot;}\" data-core-v316-plus=\"true\">\n\t\t\t\t\t<div class=\"e-con-inner\">\n\t\t<div class=\"elementor-element elementor-element-4e9475b e-con-full e-flex e-con e-child\" data-id=\"4e9475b\" data-element_type=\"container\" data-settings=\"{&quot;content_width&quot;:&quot;full&quot;}\">\n\t\t\t\t<\/div>\n\t\t<div class=\"elementor-element elementor-element-b52ba41 e-con-full e-flex e-con e-child\" data-id=\"b52ba41\" data-element_type=\"container\" data-settings=\"{&quot;content_width&quot;:&quot;full&quot;}\">\n\t\t\t\t<div class=\"elementor-element elementor-element-5050bfe elementor-flip-box--effect-flip elementor-flip-box--direction-up elementor-widget elementor-widget-flip-box\" data-id=\"5050bfe\" data-element_type=\"widget\" data-widget_type=\"flip-box.default\">\n\t\t\t\t<div class=\"elementor-widget-container\">\n\t\t\t<link rel=\"stylesheet\" href=\"https:\/\/parapentemax.com\/wp-content\/plugins\/elementor-pro\/assets\/css\/widget-flip-box.min.css\">\t\t<div class=\"elementor-flip-box\" tabindex=\"0\">\n\t\t\t<div class=\"elementor-flip-box__layer elementor-flip-box__front\">\n\t\t\t\t<div class=\"elementor-flip-box__layer__overlay\">\n\t\t\t\t\t<div class=\"elementor-flip-box__layer__inner\">\n\t\t\t\t\t\t\t\t\t\t\t\t\t<div class=\"elementor-flip-box__image\">\n\t\t\t\t\t\t\t\t<img decoding=\"async\" src=\"https:\/\/parapentemax.com\/wp-content\/uploads\/2025\/01\/G0019697-scaled.jpg\" title=\"DCIM100GOPROG0019697.JPG\" alt=\"DCIM100GOPROG0019697.JPG\" loading=\"lazy\" \/>\t\t\t\t\t\t\t<\/div>\n\t\t\t\t\t\t\n\t\t\t\t\t\t\t\t\t\t\t\t\t<h3 class=\"elementor-flip-box__layer__title\">\n\t\t\t\t\t\t\t\tLongue Dur\u00e9e <br>125 \u20ac\t\t\t\t\t\t\t<\/h3>\n\t\t\t\t\t\t\n\t\t\t\t\t\t\t\t\t\t\t\t\t<div class=\"elementor-flip-box__layer__description\">\n\t\t\t\t\t\t\t\tVol 20 \u00e0 35 mns\t\t\t\t\t\t\t<\/div>\n\t\t\t\t\t\t\t\t\t\t\t<\/div>\n\t\t\t\t<\/div>\n\t\t\t<\/div>\n\t\t\t<div class=\"elementor-flip-box__layer elementor-flip-box__back\">\n\t\t\t<div class=\"elementor-flip-box__layer__overlay\">\n\t\t\t\t<div class=\"elementor-flip-box__layer__inner\">\n\t\t\t\t\t\t\t\t\t\t\t<h3 class=\"elementor-flip-box__layer__title\">\n\t\t\t\t\t\t\tVol 20 \u00e0 35 mns\t\t\t\t\t\t<\/h3>\n\t\t\t\t\t\n\t\t\t\t\t\t\t\t\t\t\t<div class=\"elementor-flip-box__layer__description\">\n\t\t\t\t\t\t\tPour aller plus haut\t\t\t\t\t\t<\/div>\n\t\t\t\t\t\n\t\t\t\t\t\t\t\t<\/div>\n\t\t<\/div>\n\t\t<\/div>\n\t\t<\/div>\n\t\t\t\t<\/div>\n\t\t\t\t<\/div>\n\t\t\t\t<\/div>\n\t\t<div class=\"elementor-element elementor-element-8cbc46e e-con-full e-flex e-con e-child\" data-id=\"8cbc46e\" data-element_type=\"container\" data-settings=\"{&quot;content_width&quot;:&quot;full&quot;}\">\n\t\t\t\t<\/div>\n\t\t\t\t\t<\/div>\n\t\t\t\t<\/div>\n\t\t<div class=\"elementor-element elementor-element-a03015a e-flex e-con-boxed e-con e-parent\" data-id=\"a03015a\" data-element_type=\"container\" data-settings=\"{&quot;content_width&quot;:&quot;boxed&quot;}\" data-core-v316-plus=\"true\">\n\t\t\t\t\t<div class=\"e-con-inner\">\n\t\t<div class=\"elementor-element elementor-element-47408e2 e-con-full e-flex e-con e-child\" data-id=\"47408e2\" data-element_type=\"container\" data-settings=\"{&quot;content_width&quot;:&quot;full&quot;}\">\n\t\t\t\t<div class=\"elementor-element elementor-element-3259a3d elementor-widget elementor-widget-text-editor\" data-id=\"3259a3d\" data-element_type=\"widget\" data-widget_type=\"text-editor.default\">\n\t\t\t\t<div class=\"elementor-widget-container\">\n\t\t\t<style>\/*! elementor - v3.18.0 - 20-12-2023 *\/\n.elementor-widget-text-editor.elementor-drop-cap-view-stacked .elementor-drop-cap{background-color:#69727d;color:#fff}.elementor-widget-text-editor.elementor-drop-cap-view-framed .elementor-drop-cap{color:#69727d;border:3px solid;background-color:transparent}.elementor-widget-text-editor:not(.elementor-drop-cap-view-default) .elementor-drop-cap{margin-top:8px}.elementor-widget-text-editor:not(.elementor-drop-cap-view-default) .elementor-drop-cap-letter{width:1em;height:1em}.elementor-widget-text-editor .elementor-drop-cap{float:left;text-align:center;line-height:1;font-size:50px}.elementor-widget-text-editor .elementor-drop-cap-letter{display:inline-block}<\/style>\t\t\t\t<p><strong>Ascension en conditions thermiques<\/strong><\/p><p>Magique au coucher du soleil<\/p><p>Acc\u00e8s 4&#215;4 Toyota 8 places<\/p><p>\u00a0Equipements \u00e0 pr\u00e9voir\u00a0:<\/p><ul><li>Des chaussures ferm\u00e9es qui tiennent aux pieds<\/li><li>Une veste et un pull<\/li><li>Des v\u00eatements adapt\u00e9s en fonction de la m\u00e9t\u00e9o<\/li><\/ul><p>(pour l\u2019hiver, tenue de ski conseill\u00e9e)<\/p>\t\t\t\t\t\t<\/div>\n\t\t\t\t<\/div>\n\t\t\t\t<\/div>\n\t\t<div class=\"elementor-element elementor-element-f2f1362 e-con-full e-flex e-con e-child\" data-id=\"f2f1362\" data-element_type=\"container\" data-settings=\"{&quot;content_width&quot;:&quot;full&quot;}\">\n\t\t\t\t<div class=\"elementor-element elementor-element-d1b4036 elementor-widget elementor-widget-image\" data-id=\"d1b4036\" data-element_type=\"widget\" data-widget_type=\"image.default\">\n\t\t\t\t<div class=\"elementor-widget-container\">\n\t\t\t<style>\/*! elementor - v3.18.0 - 20-12-2023 *\/\n.elementor-widget-image{text-align:center}.elementor-widget-image a{display:inline-block}.elementor-widget-image a img[src$=\".svg\"]{width:48px}.elementor-widget-image img{vertical-align:middle;display:inline-block}<\/style>\t\t\t\t\t\t\t\t\t\t\t\t<img fetchpriority=\"high\" width=\"800\" height=\"600\" src=\"https:\/\/parapentemax.com\/wp-content\/uploads\/2025\/01\/WhatsApp-Image-2025-01-15-at-12.43.26-1.jpeg\" class=\"attachment-large size-large wp-image-1556\" alt=\"\" decoding=\"async\" srcset=\"https:\/\/parapentemax.com\/wp-content\/uploads\/2025\/01\/WhatsApp-Image-2025-01-15-at-12.43.26-1.jpeg 960w, https:\/\/parapentemax.com\/wp-content\/uploads\/2025\/01\/WhatsApp-Image-2025-01-15-at-12.43.26-1-300x225.jpeg 300w, https:\/\/parapentemax.com\/wp-content\/uploads\/2025\/01\/WhatsApp-Image-2025-01-15-at-12.43.26-1-768x576.jpeg 768w\" sizes=\"(max-width: 800px) 100vw, 800px\" \/>\t\t\t\t\t\t\t\t\t\t\t\t\t\t\t<\/div>\n\t\t\t\t<\/div>\n\t\t\t\t<\/div>\n\t\t\t\t\t<\/div>\n\t\t\t\t<\/div>\n\t\t<div class=\"elementor-element elementor-element-2206542 e-flex e-con-boxed e-con e-parent\" data-id=\"2206542\" data-element_type=\"container\" data-settings=\"{&quot;content_width&quot;:&quot;boxed&quot;}\" data-core-v316-plus=\"true\">\n\t\t\t\t\t<div class=\"e-con-inner\">\n\t\t<div class=\"elementor-element elementor-element-921e04c e-con-full e-flex e-con e-child\" data-id=\"921e04c\" data-element_type=\"container\" data-settings=\"{&quot;content_width&quot;:&quot;full&quot;}\">\n\t\t\t\t<div class=\"elementor-element elementor-element-e71ac9c elementor-widget elementor-widget-image\" data-id=\"e71ac9c\" data-element_type=\"widget\" data-widget_type=\"image.default\">\n\t\t\t\t<div class=\"elementor-widget-container\">\n\t\t\t\t\t\t\t\t\t\t\t\t\t\t\t<img width=\"800\" height=\"379\" src=\"https:\/\/parapentemax.com\/wp-content\/uploads\/2025\/01\/20240806_204102-1024x485.jpg\" class=\"attachment-large size-large wp-image-1630\" alt=\"\" decoding=\"async\" srcset=\"https:\/\/parapentemax.com\/wp-content\/uploads\/2025\/01\/20240806_204102-1024x485.jpg 1024w, https:\/\/parapentemax.com\/wp-content\/uploads\/2025\/01\/20240806_204102-300x142.jpg 300w, https:\/\/parapentemax.com\/wp-content\/uploads\/2025\/01\/20240806_204102-768x364.jpg 768w, https:\/\/parapentemax.com\/wp-content\/uploads\/2025\/01\/20240806_204102-1536x728.jpg 1536w, https:\/\/parapentemax.com\/wp-content\/uploads\/2025\/01\/20240806_204102-2048x971.jpg 2048w\" sizes=\"(max-width: 800px) 100vw, 800px\" \/>\t\t\t\t\t\t\t\t\t\t\t\t\t\t\t<\/div>\n\t\t\t\t<\/div>\n\t\t\t\t<\/div>\n\t\t<div class=\"elementor-element elementor-element-7f941c7 e-con-full e-flex e-con e-child\" data-id=\"7f941c7\" data-element_type=\"container\" data-settings=\"{&quot;content_width&quot;:&quot;full&quot;}\">\n\t\t\t\t<div class=\"elementor-element elementor-element-821fff5 elementor-widget elementor-widget-image\" data-id=\"821fff5\" data-element_type=\"widget\" data-widget_type=\"image.default\">\n\t\t\t\t<div class=\"elementor-widget-container\">\n\t\t\t\t\t\t\t\t\t\t\t\t\t\t\t<img width=\"800\" height=\"534\" src=\"https:\/\/parapentemax.com\/wp-content\/uploads\/2025\/01\/Parapente-136-1024x684.jpg\" class=\"attachment-large size-large wp-image-1715\" alt=\"\" decoding=\"async\" srcset=\"https:\/\/parapentemax.com\/wp-content\/uploads\/2025\/01\/Parapente-136-1024x684.jpg 1024w, https:\/\/parapentemax.com\/wp-content\/uploads\/2025\/01\/Parapente-136-300x200.jpg 300w, https:\/\/parapentemax.com\/wp-content\/uploads\/2025\/01\/Parapente-136-768x513.jpg 768w, https:\/\/parapentemax.com\/wp-content\/uploads\/2025\/01\/Parapente-136-1536x1025.jpg 1536w, https:\/\/parapentemax.com\/wp-content\/uploads\/2025\/01\/Parapente-136-2048x1367.jpg 2048w\" sizes=\"(max-width: 800px) 100vw, 800px\" \/>\t\t\t\t\t\t\t\t\t\t\t\t\t\t\t<\/div>\n\t\t\t\t<\/div>\n\t\t\t\t<\/div>\n\t\t\t\t\t<\/div>\n\t\t\t\t<\/div>\n\t\t\t\t\t\t\t<\/div>\n\t\t","protected":false},"excerpt":{"rendered":"<p>Longue Dur\u00e9e 125 \u20ac Vol 20 \u00e0 35 mns Vol 20 \u00e0 35 mns Pour aller plus haut Ascension en conditions thermiques Magique au coucher du soleil Acc\u00e8s 4&#215;4 Toyota 8 places \u00a0Equipements \u00e0 pr\u00e9voir\u00a0: Des chaussures ferm\u00e9es qui tiennent aux pieds Une veste et un pull Des v\u00eatements adapt\u00e9s en fonction de la m\u00e9t\u00e9o [&hellip;]<\/p>\n","protected":false},"author":2,"featured_media":0,"parent":0,"menu_order":0,"comment_status":"closed","ping_status":"closed","template":"","meta":{"footnotes":""},"_links":{"self":[{"href":"https:\/\/parapentemax.com\/index.php\/wp-json\/wp\/v2\/pages\/1507"}],"collection":[{"href":"https:\/\/parapentemax.com\/index.php\/wp-json\/wp\/v2\/pages"}],"about":[{"href":"https:\/\/parapentemax.com\/index.php\/wp-json\/wp\/v2\/types\/page"}],"author":[{"embeddable":true,"href":"https:\/\/parapentemax.com\/index.php\/wp-json\/wp\/v2\/users\/2"}],"replies":[{"embeddable":true,"href":"https:\/\/parapentemax.com\/index.php\/wp-json\/wp\/v2\/comments?post=1507"}],"version-history":[{"count":92,"href":"https:\/\/parapentemax.com\/index.php\/wp-json\/wp\/v2\/pages\/1507\/revisions"}],"predecessor-version":[{"id":2388,"href":"https:\/\/parapentemax.com\/index.php\/wp-json\/wp\/v2\/pages\/1507\/revisions\/2388"}],"wp:attachment":[{"href":"https:\/\/parapentemax.com\/index.php\/wp-json\/wp\/v2\/media?parent=1507"}],"curies":[{"name":"wp","href":"https:\/\/api.w.org\/{rel}","templated":true}]}}