{"id":124,"date":"2023-11-09T13:51:51","date_gmt":"2023-11-09T12:51:51","guid":{"rendered":"https:\/\/parapentemax.com\/?page_id=124"},"modified":"2024-08-13T10:20:25","modified_gmt":"2024-08-13T08:20:25","slug":"about","status":"publish","type":"page","link":"https:\/\/parapentemax.com\/","title":{"rendered":"About"},"content":{"rendered":"\t\t<div data-elementor-type=\"wp-page\" data-elementor-id=\"124\" class=\"elementor elementor-124\" data-elementor-post-type=\"page\">\n\t\t\t\t\t\t\t<div class=\"elementor-element elementor-element-625ba985 e-flex e-con-boxed e-con e-parent\" data-id=\"625ba985\" data-element_type=\"container\" data-settings=\"{&quot;background_background&quot;:&quot;video&quot;,&quot;background_video_link&quot;:&quot;https:\\\/\\\/player.vimeo.com\\\/video\\\/883199334&quot;,&quot;background_play_on_mobile&quot;:&quot;yes&quot;,&quot;content_width&quot;:&quot;boxed&quot;}\" data-core-v316-plus=\"true\">\n\t\t\t\t\t<div class=\"e-con-inner\">\n\t\t<div class=\"elementor-background-video-container\">\n\t\t\t\t\t\t\t<div class=\"elementor-background-video-embed\"><\/div>\n\t\t\t\t\t\t<\/div><div class=\"elementor-element elementor-element-6c9ff9c8 e-con-full e-flex e-con e-child\" data-id=\"6c9ff9c8\" data-element_type=\"container\" data-settings=\"{&quot;content_width&quot;:&quot;full&quot;,&quot;background_background&quot;:&quot;slideshow&quot;,&quot;background_slideshow_gallery&quot;:[],&quot;background_slideshow_loop&quot;:&quot;yes&quot;,&quot;background_slideshow_slide_duration&quot;:5000,&quot;background_slideshow_slide_transition&quot;:&quot;fade&quot;,&quot;background_slideshow_transition_duration&quot;:500}\">\n\t\t\t\t<div class=\"elementor-element elementor-element-2abaa3ee elementor-widget__width-initial elementor-widget elementor-widget-jkit_heading\" data-id=\"2abaa3ee\" data-element_type=\"widget\" data-widget_type=\"jkit_heading.default\">\n\t\t\t\t<div class=\"elementor-widget-container\">\n\t\t\t<div  class=\"jeg-elementor-kit jkit-heading  align-left align-tablet-center align-mobile- jeg_module___69feb8072b652\" ><h3 class=\"heading-section-subtitle  style-color\">PARAPENTE MAX<\/h3><div class=\"heading-section-title  display-inline-block\"><h1 class=\"heading-title\">La magie du parapente<\/h1><\/div><div class=\"heading-section-description\"><p>Envolez-vous et d\u00e9couvrez par les airs des sensations uniques et des paysages \u00e9poustouflants<\/p><\/div><\/div>\t\t<\/div>\n\t\t\t\t<\/div>\n\t\t\t\t<div class=\"elementor-element elementor-element-b1a817f elementor-widget elementor-widget-elementskit-video\" data-id=\"b1a817f\" data-element_type=\"widget\" data-widget_type=\"elementskit-video.default\">\n\t\t\t\t<div class=\"elementor-widget-container\">\n\t\t\t<div class=\"ekit-wid-con\" >\t\t<div class=\"video-content\" data-video-player=\"[]\" data-video-setting=\"{&quot;videoVolume&quot;:&quot;horizontal&quot;,&quot;startVolume&quot;:0.8,&quot;videoType&quot;:&quot;iframe&quot;,&quot;videoClass&quot;:&quot;mfp-fade&quot;}\">\n\t\t\t\n<a class=\"ekit_icon_button glow-btn ekit-video-popup ekit-video-popup-btn\" href=\"https:\/\/www.youtube.com\/embed\/wjzTwIeN2PQ?feature=oembed?playlist=wjzTwIeN2PQ&amp;mute=0&amp;autoplay=1&amp;loop=no&amp;controls=1&amp;start=0&amp;end=\" aria-label=\"video-popup\">\n\t\t\t\t<i aria-hidden=\"true\" class=\"fas fa-play\"><\/i>\t\t<\/a>\n\t\t\t\t\t<\/div>\n\t\t<\/div>\t\t<\/div>\n\t\t\t\t<\/div>\n\t\t\t\t<div class=\"elementor-element elementor-element-12babda4 elementor-widget__width-auto elementor-hidden-mobile elementor-widget elementor-widget-heading\" data-id=\"12babda4\" data-element_type=\"widget\" data-widget_type=\"heading.default\">\n\t\t\t\t<div class=\"elementor-widget-container\">\n\t\t\t<style>\/*! elementor - v3.18.0 - 20-12-2023 *\/\n.elementor-heading-title{padding:0;margin:0;line-height:1}.elementor-widget-heading .elementor-heading-title[class*=elementor-size-]>a{color:inherit;font-size:inherit;line-height:inherit}.elementor-widget-heading .elementor-heading-title.elementor-size-small{font-size:15px}.elementor-widget-heading .elementor-heading-title.elementor-size-medium{font-size:19px}.elementor-widget-heading .elementor-heading-title.elementor-size-large{font-size:29px}.elementor-widget-heading .elementor-heading-title.elementor-size-xl{font-size:39px}.elementor-widget-heading .elementor-heading-title.elementor-size-xxl{font-size:59px}<\/style><p class=\"elementor-heading-title elementor-size-default\">VOIR la vid\u00e9o<\/p>\t\t<\/div>\n\t\t\t\t<\/div>\n\t\t\t\t<\/div>\n\t\t\t\t\t<\/div>\n\t\t\t\t<\/div>\n\t\t<div class=\"elementor-element elementor-element-3ff6074 e-flex e-con-boxed e-con e-parent\" data-id=\"3ff6074\" data-element_type=\"container\" data-settings=\"{&quot;background_background&quot;:&quot;gradient&quot;,&quot;content_width&quot;:&quot;boxed&quot;}\" data-core-v316-plus=\"true\">\n\t\t\t\t\t<div class=\"e-con-inner\">\n\t\t<div class=\"elementor-element elementor-element-b380dc9 e-con-full e-flex e-con e-child\" data-id=\"b380dc9\" data-element_type=\"container\" data-settings=\"{&quot;content_width&quot;:&quot;full&quot;}\">\n\t\t\t\t<div class=\"elementor-element elementor-element-0c8bf8a elementor-align-center elementor-widget__width-initial elementor-widget elementor-widget-button\" data-id=\"0c8bf8a\" data-element_type=\"widget\" data-widget_type=\"button.default\">\n\t\t\t\t<div class=\"elementor-widget-container\">\n\t\t\t\t\t<div class=\"elementor-button-wrapper\">\n\t\t\t<a class=\"elementor-button elementor-button-link elementor-size-lg\" href=\"https:\/\/parapentemax.com\/index.php\/tarifs-biplaces\/\">\n\t\t\t\t\t\t<span class=\"elementor-button-content-wrapper\">\n\t\t\t\t\t\t<span class=\"elementor-button-text\">BAPTeMES<br>DE L'AIR<\/span>\n\t\t<\/span>\n\t\t\t\t\t<\/a>\n\t\t<\/div>\n\t\t\t\t<\/div>\n\t\t\t\t<\/div>\n\t\t\t\t<\/div>\n\t\t<div class=\"elementor-element elementor-element-42b2a42 e-con-full e-flex e-con e-child\" data-id=\"42b2a42\" data-element_type=\"container\" data-settings=\"{&quot;content_width&quot;:&quot;full&quot;}\">\n\t\t\t\t<div class=\"elementor-element elementor-element-679fb8e elementor-align-center elementor-widget__width-initial elementor-widget elementor-widget-button\" data-id=\"679fb8e\" data-element_type=\"widget\" data-widget_type=\"button.default\">\n\t\t\t\t<div class=\"elementor-widget-container\">\n\t\t\t\t\t<div class=\"elementor-button-wrapper\">\n\t\t\t<a class=\"elementor-button elementor-button-link elementor-size-xl\" href=\"https:\/\/parapentemax.com\/index.php\/tarifs-stages\/\">\n\t\t\t\t\t\t<span class=\"elementor-button-content-wrapper\">\n\t\t\t\t\t\t<span class=\"elementor-button-text\">STAGES<br><\/span>\n\t\t<\/span>\n\t\t\t\t\t<\/a>\n\t\t<\/div>\n\t\t\t\t<\/div>\n\t\t\t\t<\/div>\n\t\t\t\t<\/div>\n\t\t\t\t<div class=\"elementor-element elementor-element-698e055 elementor-align-center elementor-widget__width-initial elementor-widget elementor-widget-button\" data-id=\"698e055\" data-element_type=\"widget\" data-widget_type=\"button.default\">\n\t\t\t\t<div class=\"elementor-widget-container\">\n\t\t\t\t\t<div class=\"elementor-button-wrapper\">\n\t\t\t<a class=\"elementor-button elementor-button-link elementor-size-lg\" href=\"https:\/\/parapentemax.com\/index.php\/vente-materiel\/\">\n\t\t\t\t\t\t<span class=\"elementor-button-content-wrapper\">\n\t\t\t\t\t\t<span class=\"elementor-button-text\">VENTE <BR>MAT\u00c9RIEL<\/span>\n\t\t<\/span>\n\t\t\t\t\t<\/a>\n\t\t<\/div>\n\t\t\t\t<\/div>\n\t\t\t\t<\/div>\n\t\t<div class=\"elementor-element elementor-element-af81b51 e-con-full e-flex e-con e-child\" data-id=\"af81b51\" data-element_type=\"container\" data-settings=\"{&quot;content_width&quot;:&quot;full&quot;}\">\n\t\t\t\t<div class=\"elementor-element elementor-element-7011fe8 elementor-widget__width-initial elementor-widget elementor-widget-image\" data-id=\"7011fe8\" data-element_type=\"widget\" data-widget_type=\"image.default\">\n\t\t\t\t<div class=\"elementor-widget-container\">\n\t\t\t<style>\/*! elementor - v3.18.0 - 20-12-2023 *\/\n.elementor-widget-image{text-align:center}.elementor-widget-image a{display:inline-block}.elementor-widget-image a img[src$=\".svg\"]{width:48px}.elementor-widget-image img{vertical-align:middle;display:inline-block}<\/style>\t\t\t\t\t\t\t\t\t\t\t\t<img fetchpriority=\"high\" width=\"800\" height=\"600\" src=\"https:\/\/parapentemax.com\/wp-content\/uploads\/2023\/11\/biMax3-1024x768.jpg\" class=\"attachment-large size-large wp-image-649\" alt=\"\" decoding=\"async\" srcset=\"https:\/\/parapentemax.com\/wp-content\/uploads\/2023\/11\/biMax3-1024x768.jpg 1024w, https:\/\/parapentemax.com\/wp-content\/uploads\/2023\/11\/biMax3-300x225.jpg 300w, https:\/\/parapentemax.com\/wp-content\/uploads\/2023\/11\/biMax3-768x576.jpg 768w, https:\/\/parapentemax.com\/wp-content\/uploads\/2023\/11\/biMax3-1536x1152.jpg 1536w, https:\/\/parapentemax.com\/wp-content\/uploads\/2023\/11\/biMax3-2048x1536.jpg 2048w\" sizes=\"(max-width: 800px) 100vw, 800px\" \/>\t\t\t\t\t\t\t\t\t\t\t\t\t\t\t<\/div>\n\t\t\t\t<\/div>\n\t\t\t\t<\/div>\n\t\t<div class=\"elementor-element elementor-element-e7651f8 e-con-full e-flex e-con e-child\" data-id=\"e7651f8\" data-element_type=\"container\" data-settings=\"{&quot;content_width&quot;:&quot;full&quot;}\">\n\t\t\t\t<div class=\"elementor-element elementor-element-b29a414 elementor-widget__width-initial elementor-widget-mobile__width-initial elementor-widget elementor-widget-image\" data-id=\"b29a414\" data-element_type=\"widget\" data-widget_type=\"image.default\">\n\t\t\t\t<div class=\"elementor-widget-container\">\n\t\t\t\t\t\t\t\t\t\t\t\t\t\t\t<img decoding=\"async\" src=\"https:\/\/parapentemax.com\/wp-content\/uploads\/2023\/10\/stag1.jpg\" title=\"stag1\" alt=\"stag1\" loading=\"lazy\" \/>\t\t\t\t\t\t\t\t\t\t\t\t\t\t\t<\/div>\n\t\t\t\t<\/div>\n\t\t\t\t<\/div>\n\t\t<div class=\"elementor-element elementor-element-878abb4 e-con-full e-flex e-con e-child\" data-id=\"878abb4\" data-element_type=\"container\" data-settings=\"{&quot;content_width&quot;:&quot;full&quot;}\">\n\t\t\t\t<div class=\"elementor-element elementor-element-d5a7197 elementor-widget__width-initial elementor-widget elementor-widget-image\" data-id=\"d5a7197\" data-element_type=\"widget\" data-widget_type=\"image.default\">\n\t\t\t\t<div class=\"elementor-widget-container\">\n\t\t\t\t\t\t\t\t\t\t\t\t\t\t\t<img width=\"498\" height=\"337\" src=\"https:\/\/parapentemax.com\/wp-content\/uploads\/2023\/11\/agree-PM-1.png\" class=\"attachment-large size-large wp-image-1262\" alt=\"\" decoding=\"async\" srcset=\"https:\/\/parapentemax.com\/wp-content\/uploads\/2023\/11\/agree-PM-1.png 498w, https:\/\/parapentemax.com\/wp-content\/uploads\/2023\/11\/agree-PM-1-300x203.png 300w\" sizes=\"(max-width: 498px) 100vw, 498px\" \/>\t\t\t\t\t\t\t\t\t\t\t\t\t\t\t<\/div>\n\t\t\t\t<\/div>\n\t\t\t\t<\/div>\n\t\t\t\t\t<\/div>\n\t\t\t\t<\/div>\n\t\t<div class=\"elementor-element elementor-element-4bdbb54 e-flex e-con-boxed e-con e-parent\" data-id=\"4bdbb54\" data-element_type=\"container\" data-settings=\"{&quot;content_width&quot;:&quot;boxed&quot;}\" data-core-v316-plus=\"true\">\n\t\t\t\t\t<div class=\"e-con-inner\">\n\t\t\t\t<div class=\"elementor-element elementor-element-9afa2c4 elementor-widget elementor-widget-image\" data-id=\"9afa2c4\" data-element_type=\"widget\" data-widget_type=\"image.default\">\n\t\t\t\t<div class=\"elementor-widget-container\">\n\t\t\t\t\t\t\t\t\t\t\t\t\t\t\t<img width=\"960\" height=\"540\" src=\"https:\/\/parapentemax.com\/wp-content\/uploads\/2023\/11\/photoacc2.jpg\" class=\"attachment-full size-full wp-image-693\" alt=\"\" decoding=\"async\" srcset=\"https:\/\/parapentemax.com\/wp-content\/uploads\/2023\/11\/photoacc2.jpg 960w, https:\/\/parapentemax.com\/wp-content\/uploads\/2023\/11\/photoacc2-300x169.jpg 300w, https:\/\/parapentemax.com\/wp-content\/uploads\/2023\/11\/photoacc2-768x432.jpg 768w\" sizes=\"(max-width: 960px) 100vw, 960px\" \/>\t\t\t\t\t\t\t\t\t\t\t\t\t\t\t<\/div>\n\t\t\t\t<\/div>\n\t\t\t\t<div class=\"elementor-element elementor-element-c171eec elementor-align-center elementor-widget__width-initial elementor-widget elementor-widget-button\" data-id=\"c171eec\" data-element_type=\"widget\" data-widget_type=\"button.default\">\n\t\t\t\t<div class=\"elementor-widget-container\">\n\t\t\t\t\t<div class=\"elementor-button-wrapper\">\n\t\t\t<a class=\"elementor-button elementor-button-link elementor-size-sm\" href=\"https:\/\/parapentemax.com\/index.php\/tarifs\/\">\n\t\t\t\t\t\t<span class=\"elementor-button-content-wrapper\">\n\t\t\t\t\t\t<span class=\"elementor-button-text\">Tarifs<\/span>\n\t\t<\/span>\n\t\t\t\t\t<\/a>\n\t\t<\/div>\n\t\t\t\t<\/div>\n\t\t\t\t<\/div>\n\t\t\t\t\t<\/div>\n\t\t\t\t<\/div>\n\t\t<div class=\"elementor-element elementor-element-db8e6e8 e-flex e-con-boxed e-con e-parent\" data-id=\"db8e6e8\" data-element_type=\"container\" data-settings=\"{&quot;background_background&quot;:&quot;classic&quot;,&quot;content_width&quot;:&quot;boxed&quot;}\" data-core-v316-plus=\"true\">\n\t\t\t\t\t<div class=\"e-con-inner\">\n\t\t<div class=\"elementor-element elementor-element-6d5435a e-flex e-con-boxed e-con e-child\" data-id=\"6d5435a\" data-element_type=\"container\" data-settings=\"{&quot;content_width&quot;:&quot;boxed&quot;}\">\n\t\t\t\t\t<div class=\"e-con-inner\">\n\t\t<div class=\"elementor-element elementor-element-3626223 e-con-full e-flex e-con e-child\" data-id=\"3626223\" data-element_type=\"container\" data-settings=\"{&quot;content_width&quot;:&quot;full&quot;}\">\n\t\t\t\t<div class=\"elementor-element elementor-element-17551075 elementor-widget elementor-widget-jkit_testimonials\" data-id=\"17551075\" data-element_type=\"widget\" data-widget_type=\"jkit_testimonials.default\">\n\t\t\t\t<div class=\"elementor-widget-container\">\n\t\t\t<div  class=\"jeg-elementor-kit jkit-testimonials arrow-middle-edge style-3 quote-override jeg_module__1_69feb8073f303\"  data-id=\"jeg_module__1_69feb8073f303\" data-settings=\"{&quot;autoplay&quot;:true,&quot;autoplay_speed&quot;:4000,&quot;autoplay_hover_pause&quot;:true,&quot;show_navigation&quot;:true,&quot;navigation_left&quot;:&quot;&lt;i aria-hidden=\\&quot;true\\&quot; class=\\&quot;fas fa-angle-left\\&quot;&gt;&lt;\\\/i&gt;&quot;,&quot;navigation_right&quot;:&quot;&lt;i aria-hidden=\\&quot;true\\&quot; class=\\&quot;fas fa-angle-right\\&quot;&gt;&lt;\\\/i&gt;&quot;,&quot;show_dots&quot;:false,&quot;arrow_position&quot;:&quot;bottom&quot;,&quot;responsive&quot;:{&quot;desktop&quot;:{&quot;items&quot;:1,&quot;margin&quot;:10,&quot;breakpoint&quot;:1025},&quot;tablet&quot;:{&quot;items&quot;:&quot;1&quot;,&quot;margin&quot;:10,&quot;breakpoint&quot;:768},&quot;mobile&quot;:{&quot;items&quot;:1,&quot;margin&quot;:10,&quot;breakpoint&quot;:0}}}\"><div class=\"testimonials-list\">\n            <div class=\"testimonials-track\"><div class=\"testimonial-item  elementor-repeater-item-d4b38ca\">\n                <div class=\"testimonial-box hover-from-left\">\n                    <div class=\"icon-content\"><i aria-hidden=\"true\" class=\"jki jki-quote-light\"><\/i><\/div><div class=\"comment-bio\">\n                <div class=\"bio-details\"><div class=\"profile-image\"><\/div><\/div>\n            <\/div>\n            <ul class=\"rating-stars\"><li><i aria-hidden=\"true\" class=\"jki jki-star-solid\"><\/i><\/li><li><i aria-hidden=\"true\" class=\"jki jki-star-solid\"><\/i><\/li><li><i aria-hidden=\"true\" class=\"jki jki-star-solid\"><\/i><\/li><li><i aria-hidden=\"true\" class=\"jki jki-star-solid\"><\/i><\/li><li><i aria-hidden=\"true\" class=\"jki jki-star-solid\"><\/i><\/li><\/ul><div class=\"comment-content\"><p>Une \u00e9quipe au top, professionnelle, bienveillante et surtout \u00e0 l&#039;\u00e9coute qui s&#039;adapte \u00e0 la demande des clients.\nIls prennent le temps de communiquer, de nous expliquer les choses.\nEnvironnement tellement magnifique, \u00e0 voir absolument avec David et sa super \u00e9quipe.\nUn grand merci<\/p><\/div>\n                    <span class=\"profile-info\">\n                        <strong class=\"profile-name\">Christophe et S\u00e9bastien<\/strong>\n                        <p class=\"profile-des\">Juillet 2023<\/p>\n                    <\/span>\n                <\/div>\n            <\/div><div class=\"testimonial-item  elementor-repeater-item-ffbf555\">\n                <div class=\"testimonial-box hover-from-left\">\n                    <div class=\"icon-content\"><i aria-hidden=\"true\" class=\"jki jki-quote-light\"><\/i><\/div><div class=\"comment-bio\">\n                <div class=\"bio-details\"><div class=\"profile-image\"><\/div><\/div>\n            <\/div>\n            <ul class=\"rating-stars\"><li><i aria-hidden=\"true\" class=\"jki jki-star-solid\"><\/i><\/li><li><i aria-hidden=\"true\" class=\"jki jki-star-solid\"><\/i><\/li><li><i aria-hidden=\"true\" class=\"jki jki-star-solid\"><\/i><\/li><li><i aria-hidden=\"true\" class=\"jki jki-star-solid\"><\/i><\/li><li><i aria-hidden=\"true\" class=\"jki jki-star-solid\"><\/i><\/li><\/ul><div class=\"comment-content\"><p>C&#039;\u00e9tait magnifique ma fille \u00e0 adorer\n\nMoniteur au top.... Super paysage...\n\nElle \u00e0 h\u00e2te dans refaire...\n\nOn recommande<\/p><\/div>\n                    <span class=\"profile-info\">\n                        <strong class=\"profile-name\">David Ferrari<\/strong>\n                        <p class=\"profile-des\">Juillet 2023<\/p>\n                    <\/span>\n                <\/div>\n            <\/div><div class=\"testimonial-item  elementor-repeater-item-07b5f95\">\n                <div class=\"testimonial-box hover-from-left\">\n                    <div class=\"icon-content\"><i aria-hidden=\"true\" class=\"jki jki-quote-light\"><\/i><\/div><div class=\"comment-bio\">\n                <div class=\"bio-details\"><div class=\"profile-image\"><\/div><\/div>\n            <\/div>\n            <ul class=\"rating-stars\"><li><i aria-hidden=\"true\" class=\"jki jki-star-solid\"><\/i><\/li><li><i aria-hidden=\"true\" class=\"jki jki-star-solid\"><\/i><\/li><li><i aria-hidden=\"true\" class=\"jki jki-star-solid\"><\/i><\/li><li><i aria-hidden=\"true\" class=\"jki jki-star-solid\"><\/i><\/li><\/ul><div class=\"comment-content\"><p>Une premi\u00e8re exp\u00e9rience pour notre petite famille rendue inoubliable par David et son \u00e9quipe. Des gens p\u00e9dagogiques, rassurant et tr\u00e8s passionn\u00e9s.\nApr\u00e8s une balade en 4x4, on est arriv\u00e9 \u00e0 Aspres-sur-Bu\u00ebch avec une vue \u00e0 couper le souffle.\nToute la famille a juste h\u00e2te de recommencer.\nEncore merci de la part des Mentonnais( Luka, Noah, Oc\u00e9ane, Seb, Jacky, Kady)<\/p><\/div>\n                    <span class=\"profile-info\">\n                        <strong class=\"profile-name\">Kadi KANE<\/strong>\n                        <p class=\"profile-des\">Juillet 2023<\/p>\n                    <\/span>\n                <\/div>\n            <\/div><\/div>\n        <\/div><\/div>\t\t<\/div>\n\t\t\t\t<\/div>\n\t\t\t\t<\/div>\n\t\t<div class=\"elementor-element elementor-element-3b6d9aad e-con-full e-flex e-con e-child\" data-id=\"3b6d9aad\" data-element_type=\"container\" data-settings=\"{&quot;content_width&quot;:&quot;full&quot;}\">\n\t\t\t\t<div class=\"elementor-element elementor-element-d25d0bf elementor-widget elementor-widget-jkit_heading\" data-id=\"d25d0bf\" data-element_type=\"widget\" data-widget_type=\"jkit_heading.default\">\n\t\t\t\t<div class=\"elementor-widget-container\">\n\t\t\t<div  class=\"jeg-elementor-kit jkit-heading  align-left align-tablet-center align-mobile- jeg_module__2_69feb807401eb\" ><h3 class=\"heading-section-subtitle  style-color\">VOL biplace<\/h3><div class=\"heading-section-title  display-inline-block\"><h2 class=\"heading-title\">T\u00e9moignages<\/h2><\/div><\/div>\t\t<\/div>\n\t\t\t\t<\/div>\n\t\t\t\t<\/div>\n\t\t\t\t\t<\/div>\n\t\t\t\t<\/div>\n\t\t<div class=\"elementor-element elementor-element-4ca29135 e-flex e-con-boxed e-con e-child\" data-id=\"4ca29135\" data-element_type=\"container\" data-settings=\"{&quot;background_background&quot;:&quot;classic&quot;,&quot;content_width&quot;:&quot;boxed&quot;}\">\n\t\t\t\t\t<div class=\"e-con-inner\">\n\t\t\t\t<div class=\"elementor-element elementor-element-3a7559c6 elementor-widget elementor-widget-spacer\" data-id=\"3a7559c6\" data-element_type=\"widget\" data-widget_type=\"spacer.default\">\n\t\t\t\t<div class=\"elementor-widget-container\">\n\t\t\t<style>\/*! elementor - v3.18.0 - 20-12-2023 *\/\n.elementor-column .elementor-spacer-inner{height:var(--spacer-size)}.e-con{--container-widget-width:100%}.e-con-inner>.elementor-widget-spacer,.e-con>.elementor-widget-spacer{width:var(--container-widget-width,var(--spacer-size));--align-self:var(--container-widget-align-self,initial);--flex-shrink:0}.e-con-inner>.elementor-widget-spacer>.elementor-widget-container,.e-con>.elementor-widget-spacer>.elementor-widget-container{height:100%;width:100%}.e-con-inner>.elementor-widget-spacer>.elementor-widget-container>.elementor-spacer,.e-con>.elementor-widget-spacer>.elementor-widget-container>.elementor-spacer{height:100%}.e-con-inner>.elementor-widget-spacer>.elementor-widget-container>.elementor-spacer>.elementor-spacer-inner,.e-con>.elementor-widget-spacer>.elementor-widget-container>.elementor-spacer>.elementor-spacer-inner{height:var(--container-widget-height,var(--spacer-size))}.e-con-inner>.elementor-widget-spacer.elementor-widget-empty,.e-con>.elementor-widget-spacer.elementor-widget-empty{position:relative;min-height:22px;min-width:22px}.e-con-inner>.elementor-widget-spacer.elementor-widget-empty .elementor-widget-empty-icon,.e-con>.elementor-widget-spacer.elementor-widget-empty .elementor-widget-empty-icon{position:absolute;top:0;bottom:0;left:0;right:0;margin:auto;padding:0;width:22px;height:22px}<\/style>\t\t<div class=\"elementor-spacer\">\n\t\t\t<div class=\"elementor-spacer-inner\"><\/div>\n\t\t<\/div>\n\t\t\t\t<\/div>\n\t\t\t\t<\/div>\n\t\t\t\t\t<\/div>\n\t\t\t\t<\/div>\n\t\t\t\t\t<\/div>\n\t\t\t\t<\/div>\n\t\t\t\t\t\t\t<\/div>\n\t\t","protected":false},"excerpt":{"rendered":"<p>PARAPENTE MAX La magie du parapente Envolez-vous et d\u00e9couvrez par les airs des sensations uniques et des paysages \u00e9poustouflants VOIR la vid\u00e9o BAPTeMESDE L&rsquo;AIR STAGES VENTE MAT\u00c9RIEL Tarifs Une \u00e9quipe au top, professionnelle, bienveillante et surtout \u00e0 l&#039;\u00e9coute qui s&#039;adapte \u00e0 la demande des clients. Ils prennent le temps de communiquer, de nous expliquer les [&hellip;]<\/p>\n","protected":false},"author":1,"featured_media":0,"parent":0,"menu_order":0,"comment_status":"closed","ping_status":"closed","template":"elementor_header_footer","meta":{"footnotes":""},"_links":{"self":[{"href":"https:\/\/parapentemax.com\/index.php\/wp-json\/wp\/v2\/pages\/124"}],"collection":[{"href":"https:\/\/parapentemax.com\/index.php\/wp-json\/wp\/v2\/pages"}],"about":[{"href":"https:\/\/parapentemax.com\/index.php\/wp-json\/wp\/v2\/types\/page"}],"author":[{"embeddable":true,"href":"https:\/\/parapentemax.com\/index.php\/wp-json\/wp\/v2\/users\/1"}],"replies":[{"embeddable":true,"href":"https:\/\/parapentemax.com\/index.php\/wp-json\/wp\/v2\/comments?post=124"}],"version-history":[{"count":277,"href":"https:\/\/parapentemax.com\/index.php\/wp-json\/wp\/v2\/pages\/124\/revisions"}],"predecessor-version":[{"id":1448,"href":"https:\/\/parapentemax.com\/index.php\/wp-json\/wp\/v2\/pages\/124\/revisions\/1448"}],"wp:attachment":[{"href":"https:\/\/parapentemax.com\/index.php\/wp-json\/wp\/v2\/media?parent=124"}],"curies":[{"name":"wp","href":"https:\/\/api.w.org\/{rel}","templated":true}]}}